{"id":925,"date":"2016-05-23T09:09:35","date_gmt":"2016-05-23T09:09:35","guid":{"rendered":"http:\/\/suenosdeatenea.com\/?page_id=925"},"modified":"2020-04-08T21:06:19","modified_gmt":"2020-04-08T19:06:19","slug":"mi-estudio","status":"publish","type":"page","link":"https:\/\/www.suenosdeatenea.com\/ca\/mi-estudio\/","title":{"rendered":"El meu Estudi"},"content":{"rendered":"\t\t<div data-elementor-type=\"wp-page\" data-elementor-id=\"925\" class=\"elementor elementor-925\" data-elementor-post-type=\"page\">\n\t\t\t\t\t\t<section class=\"elementor-section elementor-top-section elementor-element elementor-element-1733f166 elementor-section-full_width elementor-section-height-default elementor-section-height-default\" data-id=\"1733f166\" data-element_type=\"section\" data-e-type=\"section\">\n\t\t\t\t\t\t<div class=\"elementor-container elementor-column-gap-no\">\n\t\t\t\t\t<div class=\"elementor-column elementor-col-100 elementor-top-column elementor-element elementor-element-4fb65801\" data-id=\"4fb65801\" data-element_type=\"column\" data-e-type=\"column\">\n\t\t\t<div class=\"elementor-widget-wrap elementor-element-populated\">\n\t\t\t\t\t\t<div class=\"elementor-element elementor-element-49953f03 elementor-widget elementor-widget-text-editor\" data-id=\"49953f03\" data-element_type=\"widget\" data-e-type=\"widget\" data-widget_type=\"text-editor.default\">\n\t\t\t\t<div class=\"elementor-widget-container\">\n\t\t\t\t\t\t\t\t\t<p>Disposo d\u2019estudi propi on realitzar les sessions que requereixen m\u00e9s intimitat i tranquil\u00b7litat, especialment les new born.<\/p><p style=\"text-align: justify;\">Un espai polivalent on ofereixo attrezzo de diferent tipus per donar un toc de distinci\u00f3 al teu reportatge.<\/p><p style=\"text-align: justify;\">Un lloc on trobar\u00e0s tamb\u00e9 totes les peces disponibles del Vestidor d\u2019Atenea i on podr\u00e0s emprovar-te-les amb total comoditat.<\/p><p style=\"text-align: justify;\">Una oficina de reuni\u00f3 per parlar del teu projecte, posar en com\u00fa idees i entregar pressupostos&#8230;<\/p>\t\t\t\t\t\t\t\t<\/div>\n\t\t\t\t<\/div>\n\t\t\t\t<div class=\"elementor-element elementor-element-ee006d2 elementor-widget elementor-widget-aux_masterslider\" data-id=\"ee006d2\" data-element_type=\"widget\" data-e-type=\"widget\" data-widget_type=\"aux_masterslider.default\">\n\t\t\t\t<div class=\"elementor-widget-container\">\n\t\t\t\t\t\n\t\t<!-- MasterSlider -->\n\t\t<div id=\"P_MS69ed1ce038636\" class=\"master-slider-parent ms-thumbs-template ms-parent-id-28\" style=\"max-width:100%;\" >\n\n\t\t\t\n\t\t\t<!-- MasterSlider Main -->\n\t\t\t<div id=\"MS69ed1ce038636\" class=\"master-slider ms-skin-default\" >\n\t\t\t\t \t\t\t\t \n\n\t\t\t<div  class=\"ms-slide\" data-delay=\"3\" data-fill-mode=\"fill\"   >\n\t\t\t\t\t<img decoding=\"async\" src=\"https:\/\/www.suenosdeatenea.com\/wp-content\/plugins\/masterslider\/public\/assets\/css\/blank.gif\" alt=\"\" title=\"\" data-src=\"https:\/\/www.suenosdeatenea.com\/wp-content\/uploads\/2020\/04\/Sue\u00f1os-de-Atenea-Estudio-01.jpg\" \/>\n\n\n\t<img decoding=\"async\" class=\"ms-thumb\" src=\"https:\/\/www.suenosdeatenea.com\/wp-content\/uploads\/2020\/04\/Sue\u00f1os-de-Atenea-Estudio-01-130x70.jpg\" alt=\"\" \/>\n\t\t\t\t<\/div>\n\t\t\t<div  class=\"ms-slide\" data-delay=\"3\" data-fill-mode=\"fill\"   >\n\t\t\t\t\t<img decoding=\"async\" src=\"https:\/\/www.suenosdeatenea.com\/wp-content\/plugins\/masterslider\/public\/assets\/css\/blank.gif\" alt=\"\" title=\"\" data-src=\"https:\/\/www.suenosdeatenea.com\/wp-content\/uploads\/2020\/04\/Sue\u00f1os-de-Atenea-Estudio-02.jpg\" \/>\n\n\n\t<img decoding=\"async\" class=\"ms-thumb\" src=\"https:\/\/www.suenosdeatenea.com\/wp-content\/uploads\/2020\/04\/Sue\u00f1os-de-Atenea-Estudio-02-130x70.jpg\" alt=\"\" \/>\n\t\t\t\t<\/div>\n\t\t\t<div  class=\"ms-slide\" data-delay=\"3\" data-fill-mode=\"fill\"   >\n\t\t\t\t\t<img decoding=\"async\" src=\"https:\/\/www.suenosdeatenea.com\/wp-content\/plugins\/masterslider\/public\/assets\/css\/blank.gif\" alt=\"\" title=\"\" data-src=\"https:\/\/www.suenosdeatenea.com\/wp-content\/uploads\/2020\/04\/Sue\u00f1os-de-Atenea-Estudio-03.jpg\" \/>\n\n\n\t<img decoding=\"async\" class=\"ms-thumb\" src=\"https:\/\/www.suenosdeatenea.com\/wp-content\/uploads\/2020\/04\/Sue\u00f1os-de-Atenea-Estudio-03-130x70.jpg\" alt=\"\" \/>\n\t\t\t\t<\/div>\n\t\t\t<div  class=\"ms-slide\" data-delay=\"3\" data-fill-mode=\"fill\"   >\n\t\t\t\t\t<img decoding=\"async\" src=\"https:\/\/www.suenosdeatenea.com\/wp-content\/plugins\/masterslider\/public\/assets\/css\/blank.gif\" alt=\"\" title=\"\" data-src=\"https:\/\/www.suenosdeatenea.com\/wp-content\/uploads\/2020\/04\/Sue\u00f1os-de-Atenea-Estudio-04.jpg\" \/>\n\n\n\t<img decoding=\"async\" class=\"ms-thumb\" src=\"https:\/\/www.suenosdeatenea.com\/wp-content\/uploads\/2020\/04\/Sue\u00f1os-de-Atenea-Estudio-04-130x70.jpg\" alt=\"\" \/>\n\t\t\t\t<\/div>\n\t\t\t<div  class=\"ms-slide\" data-delay=\"3\" data-fill-mode=\"fill\"   >\n\t\t\t\t\t<img decoding=\"async\" src=\"https:\/\/www.suenosdeatenea.com\/wp-content\/plugins\/masterslider\/public\/assets\/css\/blank.gif\" alt=\"\" title=\"\" data-src=\"https:\/\/www.suenosdeatenea.com\/wp-content\/uploads\/2020\/04\/Sue\u00f1os-de-Atenea-Estudio-05.jpg\" \/>\n\n\n\t<img decoding=\"async\" class=\"ms-thumb\" src=\"https:\/\/www.suenosdeatenea.com\/wp-content\/uploads\/2020\/04\/Sue\u00f1os-de-Atenea-Estudio-05-130x70.jpg\" alt=\"\" \/>\n\t\t\t\t<\/div>\n\t\t\t<div  class=\"ms-slide\" data-delay=\"3\" data-fill-mode=\"fill\"   >\n\t\t\t\t\t<img decoding=\"async\" src=\"https:\/\/www.suenosdeatenea.com\/wp-content\/plugins\/masterslider\/public\/assets\/css\/blank.gif\" alt=\"\" title=\"\" data-src=\"https:\/\/www.suenosdeatenea.com\/wp-content\/uploads\/2020\/04\/Sue\u00f1os-de-Atenea-Estudio-06.jpg\" \/>\n\n\n\t<img decoding=\"async\" class=\"ms-thumb\" src=\"https:\/\/www.suenosdeatenea.com\/wp-content\/uploads\/2020\/04\/Sue\u00f1os-de-Atenea-Estudio-06-130x70.jpg\" alt=\"\" \/>\n\t\t\t\t<\/div>\n\t\t\t<div  class=\"ms-slide\" data-delay=\"3\" data-fill-mode=\"fill\"   >\n\t\t\t\t\t<img decoding=\"async\" src=\"https:\/\/www.suenosdeatenea.com\/wp-content\/plugins\/masterslider\/public\/assets\/css\/blank.gif\" alt=\"\" title=\"\" data-src=\"https:\/\/www.suenosdeatenea.com\/wp-content\/uploads\/2020\/04\/Sue\u00f1os-de-Atenea-Estudio-07.jpg\" \/>\n\n\n\t<img decoding=\"async\" class=\"ms-thumb\" src=\"https:\/\/www.suenosdeatenea.com\/wp-content\/uploads\/2020\/04\/Sue\u00f1os-de-Atenea-Estudio-07-130x70.jpg\" alt=\"\" \/>\n\t\t\t\t<\/div>\n\t\t\t<div  class=\"ms-slide\" data-delay=\"3\" data-fill-mode=\"fill\"   >\n\t\t\t\t\t<img decoding=\"async\" src=\"https:\/\/www.suenosdeatenea.com\/wp-content\/plugins\/masterslider\/public\/assets\/css\/blank.gif\" alt=\"\" title=\"\" data-src=\"https:\/\/www.suenosdeatenea.com\/wp-content\/uploads\/2020\/04\/Sue\u00f1os-de-Atenea-Estudio-08.jpg\" \/>\n\n\n\t<img decoding=\"async\" class=\"ms-thumb\" src=\"https:\/\/www.suenosdeatenea.com\/wp-content\/uploads\/2020\/04\/Sue\u00f1os-de-Atenea-Estudio-08-130x70.jpg\" alt=\"\" \/>\n\t\t\t\t<\/div>\n\t\t\t<div  class=\"ms-slide\" data-delay=\"3\" data-fill-mode=\"fill\"   >\n\t\t\t\t\t<img decoding=\"async\" src=\"https:\/\/www.suenosdeatenea.com\/wp-content\/plugins\/masterslider\/public\/assets\/css\/blank.gif\" alt=\"\" title=\"\" data-src=\"https:\/\/www.suenosdeatenea.com\/wp-content\/uploads\/2020\/04\/Sue\u00f1os-de-Atenea-Estudio-09.jpg\" \/>\n\n\n\t<img decoding=\"async\" class=\"ms-thumb\" src=\"https:\/\/www.suenosdeatenea.com\/wp-content\/uploads\/2020\/04\/Sue\u00f1os-de-Atenea-Estudio-09-130x70.jpg\" alt=\"\" \/>\n\t\t\t\t<\/div>\n\t\t\t<div  class=\"ms-slide\" data-delay=\"3\" data-fill-mode=\"fill\"   >\n\t\t\t\t\t<img decoding=\"async\" src=\"https:\/\/www.suenosdeatenea.com\/wp-content\/plugins\/masterslider\/public\/assets\/css\/blank.gif\" alt=\"\" title=\"\" data-src=\"https:\/\/www.suenosdeatenea.com\/wp-content\/uploads\/2020\/04\/Sue\u00f1os-de-Atenea-Estudio-10.jpg\" \/>\n\n\n\t<img decoding=\"async\" class=\"ms-thumb\" src=\"https:\/\/www.suenosdeatenea.com\/wp-content\/uploads\/2020\/04\/Sue\u00f1os-de-Atenea-Estudio-10-130x70.jpg\" alt=\"\" \/>\n\t\t\t\t<\/div>\n\t\t\t<div  class=\"ms-slide\" data-delay=\"3\" data-fill-mode=\"fill\"   >\n\t\t\t\t\t<img decoding=\"async\" src=\"https:\/\/www.suenosdeatenea.com\/wp-content\/plugins\/masterslider\/public\/assets\/css\/blank.gif\" alt=\"\" title=\"\" data-src=\"https:\/\/www.suenosdeatenea.com\/wp-content\/uploads\/2020\/04\/Sue\u00f1os-de-Atenea-Estudio-11.jpg\" \/>\n\n\n\t<img decoding=\"async\" class=\"ms-thumb\" src=\"https:\/\/www.suenosdeatenea.com\/wp-content\/uploads\/2020\/04\/Sue\u00f1os-de-Atenea-Estudio-11-130x70.jpg\" alt=\"\" \/>\n\t\t\t\t<\/div>\n\t\t\t<div  class=\"ms-slide\" data-delay=\"3\" data-fill-mode=\"fill\"   >\n\t\t\t\t\t<img decoding=\"async\" src=\"https:\/\/www.suenosdeatenea.com\/wp-content\/plugins\/masterslider\/public\/assets\/css\/blank.gif\" alt=\"\" title=\"\" data-src=\"https:\/\/www.suenosdeatenea.com\/wp-content\/uploads\/2020\/04\/Sue\u00f1os-de-Atenea-Estudio-12.jpg\" \/>\n\n\n\t<img decoding=\"async\" class=\"ms-thumb\" src=\"https:\/\/www.suenosdeatenea.com\/wp-content\/uploads\/2020\/04\/Sue\u00f1os-de-Atenea-Estudio-12-130x70.jpg\" alt=\"\" \/>\n\t\t\t\t<\/div>\n\t\t\t<div  class=\"ms-slide\" data-delay=\"3\" data-fill-mode=\"fill\"   >\n\t\t\t\t\t<img decoding=\"async\" src=\"https:\/\/www.suenosdeatenea.com\/wp-content\/plugins\/masterslider\/public\/assets\/css\/blank.gif\" alt=\"\" title=\"\" data-src=\"https:\/\/www.suenosdeatenea.com\/wp-content\/uploads\/2020\/04\/Sue\u00f1os-de-Atenea-Estudio-13.jpg\" \/>\n\n\n\t<img decoding=\"async\" class=\"ms-thumb\" src=\"https:\/\/www.suenosdeatenea.com\/wp-content\/uploads\/2020\/04\/Sue\u00f1os-de-Atenea-Estudio-13-130x70.jpg\" alt=\"\" \/>\n\t\t\t\t<\/div>\n\n\t\t\t<\/div>\n\t\t\t<!-- END MasterSlider Main -->\n\n\t\t\t \n\t\t<\/div>\n\t\t<!-- END MasterSlider -->\n\n\t\t<script>\n\t\t( window.MSReady = window.MSReady || [] ).push( function( $ ) {\n\n\t\t\t\"use strict\";\n\t\t\tvar masterslider_8636 = new MasterSlider();\n\n\t\t\t\/\/ slider controls\n\t\t\tmasterslider_8636.control('arrows'     ,{ autohide:true, overVideo:true  });\n\t\t\tmasterslider_8636.control('thumblist'  ,{ autohide:false, overVideo:true, dir:'h', speed:17, inset:false, arrows:true, hover:false, customClass:'', align:'bottom',type:'thumbs', margin:2, width:130, height:70, space:2, fillMode:'fill'  });\n\t\t\t\/\/ slider setup\n\t\t\tmasterslider_8636.setup(\"MS69ed1ce038636\", {\n\t\t\t\twidth           : 900,\n\t\t\t\theight          : 555,\n\t\t\t\tminHeight       : 0,\n\t\t\t\tspace           : 0,\n\t\t\t\tstart           : 1,\n\t\t\t\tgrabCursor      : true,\n\t\t\t\tswipe           : true,\n\t\t\t\tmouse           : true,\n\t\t\t\tkeyboard        : false,\n\t\t\t\tlayout          : \"boxed\",\n\t\t\t\twheel           : false,\n\t\t\t\tautoplay        : true,\n                instantStartLayers:false,\n\t\t\t\tmobileBGVideo:false,\n\t\t\t\tloop            : true,\n\t\t\t\tshuffle         : true,\n\t\t\t\tpreload         : 0,\n\t\t\t\theightLimit     : true,\n\t\t\t\tautoHeight      : true,\n\t\t\t\tsmoothHeight    : true,\n\t\t\t\tendPause        : false,\n\t\t\t\toverPause       : true,\n\t\t\t\tfillMode        : \"fill\",\n\t\t\t\tcenterControls  : true,\n\t\t\t\tstartOnAppear   : false,\n\t\t\t\tlayersMode      : \"center\",\n\t\t\t\tautofillTarget  : \"\",\n\t\t\t\thideLayers      : false,\n\t\t\t\tfullscreenMargin: 0,\n\t\t\t\tspeed           : 20,\n\t\t\t\tdir             : \"h\",\n\t\t\t\tresponsive      : true,\n\t\t\t\ttabletWidth     : 768,\n\t\t\t\ttabletHeight    : null,\n\t\t\t\tphoneWidth      : 480,\n\t\t\t\tphoneHeight    : null,\n\t\t\t\tsizingReference : window,\n\t\t\t\tparallaxMode    : 'swipe',\n\t\t\t\tview            : \"scale\"\n\t\t\t});\n\n\t\t\t\n\t\t\twindow.masterslider_instances = window.masterslider_instances || [];\n\t\t\twindow.masterslider_instances.push( masterslider_8636 );\n\t\t});\n\t\t<\/script>\n\n\t\t\t\t<\/div>\n\t\t\t\t<\/div>\n\t\t\t\t<div class=\"elementor-element elementor-element-394e544 elementor-widget elementor-widget-text-editor\" data-id=\"394e544\" data-element_type=\"widget\" data-e-type=\"widget\" data-widget_type=\"text-editor.default\">\n\t\t\t\t<div class=\"elementor-widget-container\">\n\t\t\t\t\t\t\t\t\t<p>Ens trobar\u00e0s al <strong>Carrer<\/strong><strong> Sant Baldiri n\u00famero 7 (Mas Trempat). Santa Cristina d\u2019Aro.<\/strong><\/p>\t\t\t\t\t\t\t\t<\/div>\n\t\t\t\t<\/div>\n\t\t\t\t<div class=\"elementor-element elementor-element-b41d031 elementor-widget elementor-widget-google_maps\" data-id=\"b41d031\" data-element_type=\"widget\" data-e-type=\"widget\" data-widget_type=\"google_maps.default\">\n\t\t\t\t<div class=\"elementor-widget-container\">\n\t\t\t\t\t\t\t<div class=\"elementor-custom-embed\">\n\t\t\t<iframe loading=\"lazy\"\n\t\t\t\t\tsrc=\"https:\/\/maps.google.com\/maps?q=Carrer%20Sant%20Balidir%2C%207%20Mas%20Trempat&#038;t=m&#038;z=16&#038;output=embed&#038;iwloc=near\"\n\t\t\t\t\ttitle=\"Carrer Sant Balidir, 7 Mas Trempat\"\n\t\t\t\t\taria-label=\"Carrer Sant Balidir, 7 Mas Trempat\"\n\t\t\t><\/iframe>\n\t\t<\/div>\n\t\t\t\t\t\t<\/div>\n\t\t\t\t<\/div>\n\t\t\t\t\t<\/div>\n\t\t<\/div>\n\t\t\t\t\t<\/div>\n\t\t<\/section>\n\t\t\t\t<\/div>\n\t\t","protected":false},"excerpt":{"rendered":"<p>Disposo d\u2019estudi propi on realitzar les sessions que requereixen m\u00e9s intimitat i tranquil\u00b7litat, especialment les new born. Un espai polivalent on ofereixo attrezzo de diferent tipus per donar un toc de distinci\u00f3 al teu reportatge. Un lloc on trobar\u00e0s tamb\u00e9 totes les peces disponibles del Vestidor d\u2019Atenea i on podr\u00e0s emprovar-te-les amb total comoditat. Una<br \/><a class=\"moretag\" href=\"https:\/\/www.suenosdeatenea.com\/ca\/mi-estudio\/\">+ Read More<\/a><\/p>\n","protected":false},"author":112,"featured_media":0,"parent":0,"menu_order":0,"comment_status":"closed","ping_status":"closed","template":"","meta":{"_acf_changed":false,"footnotes":""},"class_list":["post-925","page","type-page","status-publish","hentry"],"acf":[],"_links":{"self":[{"href":"https:\/\/www.suenosdeatenea.com\/ca\/wp-json\/wp\/v2\/pages\/925","targetHints":{"allow":["GET"]}}],"collection":[{"href":"https:\/\/www.suenosdeatenea.com\/ca\/wp-json\/wp\/v2\/pages"}],"about":[{"href":"https:\/\/www.suenosdeatenea.com\/ca\/wp-json\/wp\/v2\/types\/page"}],"author":[{"embeddable":true,"href":"https:\/\/www.suenosdeatenea.com\/ca\/wp-json\/wp\/v2\/users\/112"}],"replies":[{"embeddable":true,"href":"https:\/\/www.suenosdeatenea.com\/ca\/wp-json\/wp\/v2\/comments?post=925"}],"version-history":[{"count":0,"href":"https:\/\/www.suenosdeatenea.com\/ca\/wp-json\/wp\/v2\/pages\/925\/revisions"}],"wp:attachment":[{"href":"https:\/\/www.suenosdeatenea.com\/ca\/wp-json\/wp\/v2\/media?parent=925"}],"curies":[{"name":"wp","href":"https:\/\/api.w.org\/{rel}","templated":true}]}}