{"id":8451,"date":"2020-04-06T17:24:38","date_gmt":"2020-04-06T15:24:38","guid":{"rendered":"https:\/\/www.suenosdeatenea.com\/?page_id=8451"},"modified":"2022-07-14T18:10:50","modified_gmt":"2022-07-14T16:10:50","slug":"news","status":"publish","type":"page","link":"https:\/\/www.suenosdeatenea.com\/ca\/news\/","title":{"rendered":"Blog"},"content":{"rendered":"\t\t<div data-elementor-type=\"wp-page\" data-elementor-id=\"8451\" class=\"elementor elementor-8451\" data-elementor-post-type=\"page\">\n\t\t\t\t\t\t<section class=\"elementor-section elementor-top-section elementor-element elementor-element-ebf4af6 elementor-section-full_width elementor-section-height-default elementor-section-height-default\" data-id=\"ebf4af6\" data-element_type=\"section\" data-e-type=\"section\">\n\t\t\t\t\t\t<div class=\"elementor-container elementor-column-gap-no\">\n\t\t\t\t\t<div class=\"elementor-column elementor-col-100 elementor-top-column elementor-element elementor-element-08add21\" data-id=\"08add21\" data-element_type=\"column\" data-e-type=\"column\">\n\t\t\t<div class=\"elementor-widget-wrap elementor-element-populated\">\n\t\t\t\t\t\t<div class=\"elementor-element elementor-element-ba3e126 premium-blog-align-center elementor-widget elementor-widget-premium-addon-blog\" data-id=\"ba3e126\" data-element_type=\"widget\" data-e-type=\"widget\" data-settings=\"{&quot;premium_blog_columns_number&quot;:&quot;100%&quot;,&quot;premium_blog_columns_number_tablet&quot;:&quot;100%&quot;,&quot;premium_blog_grid&quot;:&quot;yes&quot;,&quot;premium_blog_layout&quot;:&quot;even&quot;,&quot;premium_blog_columns_number_mobile&quot;:&quot;100%&quot;,&quot;scroll_to_offset&quot;:&quot;yes&quot;}\" data-widget_type=\"premium-addon-blog.default\">\n\t\t\t\t<div class=\"elementor-widget-container\">\n\t\t\t\t\t\r\n\t\t\r\n\r\n\t\t\t\t<div class=\"premium-blog-wrap  premium-blog-even\" data-page=\"8451\" data-pagination=\"true\">\r\n\t\t\t\t\t\t\t\t\t<div class=\"premium-blog-post-outer-container\" data-total=\"4\">\r\n\t\t\t<div class=\"premium-blog-post-container premium-blog-skin-modern\">\r\n\t\t\t\t\t\t\t\t\t\t\t\t<div class=\"premium-blog-content-wrapper empty-thumb\">\r\n\r\n\t\t\t\t\t<div class=\"premium-blog-inner-container\">\r\n\r\n\t\t\t\t\t\t\t\t\t\t\t\t\t\t<h2 class=\"premium-blog-entry-title\">\r\n\t\t\t<a href=\"https:\/\/www.suenosdeatenea.com\/ca\/119911-2\/\" target=\"_self\">\r\n\t\t\t\tDIA DE LA MARE\t\t\t<\/a>\r\n\t\t<\/h2>\r\n\t\t\t\t<div class=\"premium-blog-entry-meta\">\r\n\t\t\t\r\n\t\t\t\r\n\t\t\t\r\n\t\t\t\t\t<\/div>\r\n\t\t\r\n\t\t\t\t\t<\/div>\r\n\r\n\t\t\t\t\t\t\t<div class=\"premium-blog-content-inner-wrapper\">\r\n\t\t<p class=\"premium-blog-post-content\">El D\u00eda de la Madre no es solo una fecha en el calendario. Es una oportunidad para detener el tiempo, para capturar ese v\u00ednculo \u00fanico que no se repite, que crece y cambia demasiado r\u00e1pido\u2026 y que merece ser recordado \u2026<\/p>\t\t<\/div>\r\n\t\t\t\t\t\t\t\r\n\t\t\t\t<\/div>\r\n\t\t\t<\/div>\r\n\t\t<\/div>\r\n\r\n\t\t\t\t<div class=\"premium-blog-post-outer-container\" data-total=\"4\">\r\n\t\t\t<div class=\"premium-blog-post-container premium-blog-skin-modern\">\r\n\t\t\t\t\t\t\t\t\t<div class=\"premium-blog-thumb-effect-wrapper\">\r\n\t\t\t\t\t\t<div class=\"premium-blog-thumbnail-container premium-blog-zoomout-effect\">\r\n\t\t\t\t\t\t\t\t\t\t\t<a href=\"https:\/\/www.suenosdeatenea.com\/ca\/promocion-dia-del-padre\/\" target=\"_self\">\r\n\t\t\t\t<img fetchpriority=\"high\" decoding=\"async\" width=\"2560\" height=\"2560\" src=\"https:\/\/www.suenosdeatenea.com\/wp-content\/uploads\/2026\/02\/promo-dia-del-padre-scaled.jpg\" class=\"attachment-full size-full wp-image-119876\" alt=\"\" srcset=\"https:\/\/www.suenosdeatenea.com\/wp-content\/uploads\/2026\/02\/promo-dia-del-padre-scaled.jpg 2560w, https:\/\/www.suenosdeatenea.com\/wp-content\/uploads\/2026\/02\/promo-dia-del-padre-120x120.jpg 120w, https:\/\/www.suenosdeatenea.com\/wp-content\/uploads\/2026\/02\/promo-dia-del-padre-1024x1024.jpg 1024w, https:\/\/www.suenosdeatenea.com\/wp-content\/uploads\/2026\/02\/promo-dia-del-padre-1536x1536.jpg 1536w, https:\/\/www.suenosdeatenea.com\/wp-content\/uploads\/2026\/02\/promo-dia-del-padre-2048x2048.jpg 2048w\" sizes=\"(max-width: 2560px) 100vw, 2560px\" \/>\t\t\t\t<\/a>\r\n\t\t\t\t\t\t\t\t\t\t<\/div>\r\n\t\t\t\t\t\t\t\t\t\t\t\t\t<div class=\"premium-blog-effect-container premium-blog-framed-effect\">\r\n\t\t\t\t\t\t\t\t<a class=\"premium-blog-post-link\" href=\"https:\/\/www.suenosdeatenea.com\/ca\/promocion-dia-del-padre\/\" target=\"_self\"><span>PROMOCION DIA DEL PADRE<\/span><\/a>\r\n\t\t\t\t\t\t\t\t\t\t\t\t\t\t\t<\/div>\r\n\t\t\t\t\t\t\t\t\t\t\t<\/div>\r\n\t\t\t\t\t\t\t\t\t\t\t\t<div class=\"premium-blog-content-wrapper \">\r\n\r\n\t\t\t\t\t<div class=\"premium-blog-inner-container\">\r\n\r\n\t\t\t\t\t\t\t\t\t\t\t\t\t\t<h2 class=\"premium-blog-entry-title\">\r\n\t\t\t<a href=\"https:\/\/www.suenosdeatenea.com\/ca\/promocion-dia-del-padre\/\" target=\"_self\">\r\n\t\t\t\tPROMOCION DIA DEL PADRE\t\t\t<\/a>\r\n\t\t<\/h2>\r\n\t\t\t\t<div class=\"premium-blog-entry-meta\">\r\n\t\t\t\r\n\t\t\t\r\n\t\t\t\r\n\t\t\t\t\t<\/div>\r\n\t\t\r\n\t\t\t\t\t<\/div>\r\n\r\n\t\t\t\t\t\t\t<div class=\"premium-blog-content-inner-wrapper\">\r\n\t\t<p class=\"premium-blog-post-content\">&#x1f499; D\u00eda del Padre 19 de Marzo &#8211; Capturamos Recuerdos que Durar\u00e1n Toda la Vida &#8211; Desde Sue\u00f1os de Atenea, cada a\u00f1o me emociona lanzar una de las campa\u00f1as m\u00e1s especiales del calendario: las sesiones del D\u00eda del Padre. Porque \u2026<\/p>\t\t<\/div>\r\n\t\t\t\t\t\t\t\r\n\t\t\t\t<\/div>\r\n\t\t\t<\/div>\r\n\t\t<\/div>\r\n\r\n\t\t\t\t<div class=\"premium-blog-post-outer-container\" data-total=\"4\">\r\n\t\t\t<div class=\"premium-blog-post-container premium-blog-skin-modern\">\r\n\t\t\t\t\t\t\t\t\t<div class=\"premium-blog-thumb-effect-wrapper\">\r\n\t\t\t\t\t\t<div class=\"premium-blog-thumbnail-container premium-blog-zoomout-effect\">\r\n\t\t\t\t\t\t\t\t\t\t\t<a href=\"https:\/\/www.suenosdeatenea.com\/ca\/119787-2\/\" target=\"_self\">\r\n\t\t\t\t<img decoding=\"async\" width=\"2048\" height=\"1365\" src=\"https:\/\/www.suenosdeatenea.com\/wp-content\/uploads\/2025\/09\/DSC_6206.jpg\" class=\"attachment-full size-full wp-image-119796\" alt=\"\" srcset=\"https:\/\/www.suenosdeatenea.com\/wp-content\/uploads\/2025\/09\/DSC_6206.jpg 2048w, https:\/\/www.suenosdeatenea.com\/wp-content\/uploads\/2025\/09\/DSC_6206-170x113.jpg 170w, https:\/\/www.suenosdeatenea.com\/wp-content\/uploads\/2025\/09\/DSC_6206-1024x683.jpg 1024w, https:\/\/www.suenosdeatenea.com\/wp-content\/uploads\/2025\/09\/DSC_6206-1536x1024.jpg 1536w, https:\/\/www.suenosdeatenea.com\/wp-content\/uploads\/2025\/09\/DSC_6206-600x400.jpg 600w, https:\/\/www.suenosdeatenea.com\/wp-content\/uploads\/2025\/09\/DSC_6206-1000x667.jpg 1000w\" sizes=\"(max-width: 2048px) 100vw, 2048px\" \/>\t\t\t\t<\/a>\r\n\t\t\t\t\t\t\t\t\t\t<\/div>\r\n\t\t\t\t\t\t\t\t\t\t\t\t\t<div class=\"premium-blog-effect-container premium-blog-framed-effect\">\r\n\t\t\t\t\t\t\t\t<a class=\"premium-blog-post-link\" href=\"https:\/\/www.suenosdeatenea.com\/ca\/119787-2\/\" target=\"_self\"><span>NADAL 2025<\/span><\/a>\r\n\t\t\t\t\t\t\t\t\t\t\t\t\t\t\t<\/div>\r\n\t\t\t\t\t\t\t\t\t\t\t<\/div>\r\n\t\t\t\t\t\t\t\t\t\t\t\t<div class=\"premium-blog-content-wrapper \">\r\n\r\n\t\t\t\t\t<div class=\"premium-blog-inner-container\">\r\n\r\n\t\t\t\t\t\t\t\t\t\t\t\t\t\t<h2 class=\"premium-blog-entry-title\">\r\n\t\t\t<a href=\"https:\/\/www.suenosdeatenea.com\/ca\/119787-2\/\" target=\"_self\">\r\n\t\t\t\tNADAL 2025\t\t\t<\/a>\r\n\t\t<\/h2>\r\n\t\t\t\t<div class=\"premium-blog-entry-meta\">\r\n\t\t\t\r\n\t\t\t\r\n\t\t\t\r\n\t\t\t\t\t<\/div>\r\n\t\t\r\n\t\t\t\t\t<\/div>\r\n\r\n\t\t\t\t\t\t\t<div class=\"premium-blog-content-inner-wrapper\">\r\n\t\t<p class=\"premium-blog-post-content\">Campanya de Nadal 2025 &nbsp; Estem molt contents d\u2019anunciar que\u2026 ja podem mostrar-vos els decorats de Nadal d\u2019aquest any!Una campanya molt especial, pensada i creada amb molt\u00edssim afecte, perqu\u00e8 no es tracta nom\u00e9s de fer fotos: aquest any hem preparat \u2026<\/p>\t\t<\/div>\r\n\t\t\t\t\t\t\t\r\n\t\t\t\t<\/div>\r\n\t\t\t<\/div>\r\n\t\t<\/div>\r\n\r\n\t\t\t\t\t\t\t<\/div>\r\n\r\n\t\t\t\t\t<div class=\"premium-blog-footer\">\r\n\t\t\t\t\t\t\t<nav class=\"premium-blog-pagination-container\" role=\"navigation\" aria-label=\"Pagination\">\r\n\t\t\t\t<span aria-current=\"page\" class=\"page-numbers current\">1<\/span>\n<a class=\"page-numbers\" href=\"https:\/\/www.suenosdeatenea.com\/ca\/wp-json\/wp\/v2\/pages\/8451\/page\/2\/\">2<\/a>\n<a class=\"page-numbers\" href=\"https:\/\/www.suenosdeatenea.com\/ca\/wp-json\/wp\/v2\/pages\/8451\/page\/3\/\">3<\/a>\n<a class=\"page-numbers\" href=\"https:\/\/www.suenosdeatenea.com\/ca\/wp-json\/wp\/v2\/pages\/8451\/page\/4\/\">4<\/a>\t\t\t<\/nav>\r\n\t\t\t\t\t\t<\/div>\r\n\t\t\r\n\t\t\r\n\t\t\t\t\t\t<\/div>\n\t\t\t\t<\/div>\n\t\t\t\t\t<\/div>\n\t\t<\/div>\n\t\t\t\t\t<\/div>\n\t\t<\/section>\n\t\t\t\t<\/div>\n\t\t","protected":false},"excerpt":{"rendered":"<p>SESION SMASH PAINT &#8211; ESTUDIO ART SESION SMASH PAINT &#8211; ESTUDIO ART &nbsp; &nbsp; CAPTAREMOS SU CREATIVIDAD Os muestro la inauguraci\u00f3n de unas nuevas sesiones, en las que si ya no quieres realizar el Smash Cake, o ya tienes, 2 o 3 o 4 a\u00f1os en \u2026 CAMPOS DE LAVANDA Buenos d\u00edas a todos, en<br \/><a class=\"moretag\" href=\"https:\/\/www.suenosdeatenea.com\/ca\/119787-2\/\">+ Read More<\/a><\/p>\n","protected":false},"author":112,"featured_media":0,"parent":0,"menu_order":0,"comment_status":"closed","ping_status":"closed","template":"","meta":{"_acf_changed":false,"footnotes":""},"class_list":["post-8451","page","type-page","status-publish","hentry"],"acf":[],"_links":{"self":[{"href":"https:\/\/www.suenosdeatenea.com\/ca\/wp-json\/wp\/v2\/pages\/8451","targetHints":{"allow":["GET"]}}],"collection":[{"href":"https:\/\/www.suenosdeatenea.com\/ca\/wp-json\/wp\/v2\/pages"}],"about":[{"href":"https:\/\/www.suenosdeatenea.com\/ca\/wp-json\/wp\/v2\/types\/page"}],"author":[{"embeddable":true,"href":"https:\/\/www.suenosdeatenea.com\/ca\/wp-json\/wp\/v2\/users\/112"}],"replies":[{"embeddable":true,"href":"https:\/\/www.suenosdeatenea.com\/ca\/wp-json\/wp\/v2\/comments?post=8451"}],"version-history":[{"count":0,"href":"https:\/\/www.suenosdeatenea.com\/ca\/wp-json\/wp\/v2\/pages\/8451\/revisions"}],"wp:attachment":[{"href":"https:\/\/www.suenosdeatenea.com\/ca\/wp-json\/wp\/v2\/media?parent=8451"}],"curies":[{"name":"wp","href":"https:\/\/api.w.org\/{rel}","templated":true}]}}