{"id":8174,"date":"2020-04-02T21:30:18","date_gmt":"2020-04-02T19:30:18","guid":{"rendered":"https:\/\/suenosdeatenea.com\/?page_id=8174"},"modified":"2021-10-11T11:27:32","modified_gmt":"2021-10-11T09:27:32","slug":"individual","status":"publish","type":"page","link":"https:\/\/www.suenosdeatenea.com\/ca\/individual\/","title":{"rendered":"Individual"},"content":{"rendered":"<p><\/p>\n<p style=\"text-align: justify;\">Vols renovar la teva imatge a les xarxes socials? Fer un regal especial a qui m\u00e9s ho mereix? Auto regalar-te aquella sessi\u00f3 de la que tantes ganes tenies? T\u2019inicies en el m\u00f3n de la moda i vols disposar del teu propi look? Necessites imatges per a vendre moda a la teva shop on line?<\/p>\n<p style=\"text-align: justify;\">Converteix-te en model per un dia. Sessions individuals a localitzacions diverses: explica\u2019ns qu\u00e8 t\u2019agrada, mostra\u2019ns el teu estil i t\u2019acostarem al lloc ideal per a les teves fotografies individuals.<\/p>\n\n\t\t<!-- MasterSlider -->\n\t\t<div id=\"P_MS69e0cae280635\" class=\"master-slider-parent ms-thumbs-template ms-parent-id-26\" style=\"max-width:100%;\" >\n\n\t\t\t\n\t\t\t<!-- MasterSlider Main -->\n\t\t\t<div id=\"MS69e0cae280635\" class=\"master-slider ms-skin-default\" >\n\t\t\t\t \t\t\t\t \n\n\t\t\t<div  class=\"ms-slide\" data-delay=\"3\" data-fill-mode=\"fill\"   >\n\t\t\t\t\t<img decoding=\"async\" src=\"https:\/\/www.suenosdeatenea.com\/wp-content\/plugins\/masterslider\/public\/assets\/css\/blank.gif\" alt=\"\" title=\"\" data-src=\"https:\/\/www.suenosdeatenea.com\/wp-content\/uploads\/2020\/04\/Sue\u00f1os-de-Atenea-Individual-01.jpg\" \/>\n\n\n\t<img decoding=\"async\" class=\"ms-thumb\" src=\"https:\/\/www.suenosdeatenea.com\/wp-content\/uploads\/2020\/04\/Sue\u00f1os-de-Atenea-Individual-01-130x70.jpg\" alt=\"\" \/>\n\t\t\t\t<\/div>\n\t\t\t<div  class=\"ms-slide\" data-delay=\"3\" data-fill-mode=\"fill\"   >\n\t\t\t\t\t<img decoding=\"async\" src=\"https:\/\/www.suenosdeatenea.com\/wp-content\/plugins\/masterslider\/public\/assets\/css\/blank.gif\" alt=\"\" title=\"\" data-src=\"https:\/\/www.suenosdeatenea.com\/wp-content\/uploads\/2020\/04\/Sue\u00f1os-de-Atenea-Individual-02.jpg\" \/>\n\n\n\t<img decoding=\"async\" class=\"ms-thumb\" src=\"https:\/\/www.suenosdeatenea.com\/wp-content\/uploads\/2020\/04\/Sue\u00f1os-de-Atenea-Individual-02-130x70.jpg\" alt=\"\" \/>\n\t\t\t\t<\/div>\n\t\t\t<div  class=\"ms-slide\" data-delay=\"3\" data-fill-mode=\"fill\"   >\n\t\t\t\t\t<img decoding=\"async\" src=\"https:\/\/www.suenosdeatenea.com\/wp-content\/plugins\/masterslider\/public\/assets\/css\/blank.gif\" alt=\"\" title=\"\" data-src=\"https:\/\/www.suenosdeatenea.com\/wp-content\/uploads\/2020\/04\/Sue\u00f1os-de-Atenea-Individual-03.jpg\" \/>\n\n\n\t<img decoding=\"async\" class=\"ms-thumb\" src=\"https:\/\/www.suenosdeatenea.com\/wp-content\/uploads\/2020\/04\/Sue\u00f1os-de-Atenea-Individual-03-130x70.jpg\" alt=\"\" \/>\n\t\t\t\t<\/div>\n\t\t\t<div  class=\"ms-slide\" data-delay=\"3\" data-fill-mode=\"fill\"   >\n\t\t\t\t\t<img decoding=\"async\" src=\"https:\/\/www.suenosdeatenea.com\/wp-content\/plugins\/masterslider\/public\/assets\/css\/blank.gif\" alt=\"\" title=\"\" data-src=\"https:\/\/www.suenosdeatenea.com\/wp-content\/uploads\/2020\/04\/Sue\u00f1os-de-Atenea-Individual-04.jpg\" \/>\n\n\n\t<img decoding=\"async\" class=\"ms-thumb\" src=\"https:\/\/www.suenosdeatenea.com\/wp-content\/uploads\/2020\/04\/Sue\u00f1os-de-Atenea-Individual-04-130x70.jpg\" alt=\"\" \/>\n\t\t\t\t<\/div>\n\t\t\t<div  class=\"ms-slide\" data-delay=\"3\" data-fill-mode=\"fill\"   >\n\t\t\t\t\t<img decoding=\"async\" src=\"https:\/\/www.suenosdeatenea.com\/wp-content\/plugins\/masterslider\/public\/assets\/css\/blank.gif\" alt=\"\" title=\"\" data-src=\"https:\/\/www.suenosdeatenea.com\/wp-content\/uploads\/2020\/04\/Sue\u00f1os-de-Atenea-Individual-05.jpg\" \/>\n\n\n\t<img decoding=\"async\" class=\"ms-thumb\" src=\"https:\/\/www.suenosdeatenea.com\/wp-content\/uploads\/2020\/04\/Sue\u00f1os-de-Atenea-Individual-05-130x70.jpg\" alt=\"\" \/>\n\t\t\t\t<\/div>\n\t\t\t<div  class=\"ms-slide\" data-delay=\"3\" data-fill-mode=\"fill\"   >\n\t\t\t\t\t<img decoding=\"async\" src=\"https:\/\/www.suenosdeatenea.com\/wp-content\/plugins\/masterslider\/public\/assets\/css\/blank.gif\" alt=\"\" title=\"\" data-src=\"https:\/\/www.suenosdeatenea.com\/wp-content\/uploads\/2020\/04\/Sue\u00f1os-de-Atenea-Individual-06.jpg\" \/>\n\n\n\t<img decoding=\"async\" class=\"ms-thumb\" src=\"https:\/\/www.suenosdeatenea.com\/wp-content\/uploads\/2020\/04\/Sue\u00f1os-de-Atenea-Individual-06-130x70.jpg\" alt=\"\" \/>\n\t\t\t\t<\/div>\n\t\t\t<div  class=\"ms-slide\" data-delay=\"3\" data-fill-mode=\"fill\"   >\n\t\t\t\t\t<img decoding=\"async\" src=\"https:\/\/www.suenosdeatenea.com\/wp-content\/plugins\/masterslider\/public\/assets\/css\/blank.gif\" alt=\"\" title=\"\" data-src=\"https:\/\/www.suenosdeatenea.com\/wp-content\/uploads\/2020\/04\/Sue\u00f1os-de-Atenea-Individual-07.jpg\" \/>\n\n\n\t<img decoding=\"async\" class=\"ms-thumb\" src=\"https:\/\/www.suenosdeatenea.com\/wp-content\/uploads\/2020\/04\/Sue\u00f1os-de-Atenea-Individual-07-130x70.jpg\" alt=\"\" \/>\n\t\t\t\t<\/div>\n\t\t\t<div  class=\"ms-slide\" data-delay=\"3\" data-fill-mode=\"fill\"   >\n\t\t\t\t\t<img decoding=\"async\" src=\"https:\/\/www.suenosdeatenea.com\/wp-content\/plugins\/masterslider\/public\/assets\/css\/blank.gif\" alt=\"\" title=\"\" data-src=\"https:\/\/www.suenosdeatenea.com\/wp-content\/uploads\/2020\/04\/Sue\u00f1os-de-Atenea-Individual-08.jpg\" \/>\n\n\n\t<img decoding=\"async\" class=\"ms-thumb\" src=\"https:\/\/www.suenosdeatenea.com\/wp-content\/uploads\/2020\/04\/Sue\u00f1os-de-Atenea-Individual-08-130x70.jpg\" alt=\"\" \/>\n\t\t\t\t<\/div>\n\t\t\t<div  class=\"ms-slide\" data-delay=\"3\" data-fill-mode=\"fill\"   >\n\t\t\t\t\t<img decoding=\"async\" src=\"https:\/\/www.suenosdeatenea.com\/wp-content\/plugins\/masterslider\/public\/assets\/css\/blank.gif\" alt=\"\" title=\"\" data-src=\"https:\/\/www.suenosdeatenea.com\/wp-content\/uploads\/2020\/04\/Sue\u00f1os-de-Atenea-Individual-09.jpg\" \/>\n\n\n\t<img decoding=\"async\" class=\"ms-thumb\" src=\"https:\/\/www.suenosdeatenea.com\/wp-content\/uploads\/2020\/04\/Sue\u00f1os-de-Atenea-Individual-09-130x70.jpg\" alt=\"\" \/>\n\t\t\t\t<\/div>\n\t\t\t<div  class=\"ms-slide\" data-delay=\"3\" data-fill-mode=\"fill\"   >\n\t\t\t\t\t<img decoding=\"async\" src=\"https:\/\/www.suenosdeatenea.com\/wp-content\/plugins\/masterslider\/public\/assets\/css\/blank.gif\" alt=\"\" title=\"\" data-src=\"https:\/\/www.suenosdeatenea.com\/wp-content\/uploads\/2020\/04\/Sue\u00f1os-de-Atenea-Individual-10.jpg\" \/>\n\n\n\t<img decoding=\"async\" class=\"ms-thumb\" src=\"https:\/\/www.suenosdeatenea.com\/wp-content\/uploads\/2020\/04\/Sue\u00f1os-de-Atenea-Individual-10-130x70.jpg\" alt=\"\" \/>\n\t\t\t\t<\/div>\n\t\t\t<div  class=\"ms-slide\" data-delay=\"3\" data-fill-mode=\"fill\"   >\n\t\t\t\t\t<img decoding=\"async\" src=\"https:\/\/www.suenosdeatenea.com\/wp-content\/plugins\/masterslider\/public\/assets\/css\/blank.gif\" alt=\"\" title=\"\" data-src=\"https:\/\/www.suenosdeatenea.com\/wp-content\/uploads\/2020\/04\/Sue\u00f1os-de-Atenea-Individual-11.jpg\" \/>\n\n\n\t<img decoding=\"async\" class=\"ms-thumb\" src=\"https:\/\/www.suenosdeatenea.com\/wp-content\/uploads\/2020\/04\/Sue\u00f1os-de-Atenea-Individual-11-130x70.jpg\" alt=\"\" \/>\n\t\t\t\t<\/div>\n\t\t\t<div  class=\"ms-slide\" data-delay=\"3\" data-fill-mode=\"fill\"   >\n\t\t\t\t\t<img decoding=\"async\" src=\"https:\/\/www.suenosdeatenea.com\/wp-content\/plugins\/masterslider\/public\/assets\/css\/blank.gif\" alt=\"\" title=\"\" data-src=\"https:\/\/www.suenosdeatenea.com\/wp-content\/uploads\/2020\/04\/Sue\u00f1os-de-Atenea-Individual-12.jpg\" \/>\n\n\n\t<img decoding=\"async\" class=\"ms-thumb\" src=\"https:\/\/www.suenosdeatenea.com\/wp-content\/uploads\/2020\/04\/Sue\u00f1os-de-Atenea-Individual-12-130x70.jpg\" alt=\"\" \/>\n\t\t\t\t<\/div>\n\t\t\t<div  class=\"ms-slide\" data-delay=\"3\" data-fill-mode=\"fill\"   >\n\t\t\t\t\t<img decoding=\"async\" src=\"https:\/\/www.suenosdeatenea.com\/wp-content\/plugins\/masterslider\/public\/assets\/css\/blank.gif\" alt=\"\" title=\"\" data-src=\"https:\/\/www.suenosdeatenea.com\/wp-content\/uploads\/2020\/04\/Sue\u00f1os-de-Atenea-Individual-13.jpg\" \/>\n\n\n\t<img decoding=\"async\" class=\"ms-thumb\" src=\"https:\/\/www.suenosdeatenea.com\/wp-content\/uploads\/2020\/04\/Sue\u00f1os-de-Atenea-Individual-13-130x70.jpg\" alt=\"\" \/>\n\t\t\t\t<\/div>\n\t\t\t<div  class=\"ms-slide\" data-delay=\"3\" data-fill-mode=\"fill\"   >\n\t\t\t\t\t<img decoding=\"async\" src=\"https:\/\/www.suenosdeatenea.com\/wp-content\/plugins\/masterslider\/public\/assets\/css\/blank.gif\" alt=\"\" title=\"\" data-src=\"https:\/\/www.suenosdeatenea.com\/wp-content\/uploads\/2020\/04\/Sue\u00f1os-de-Atenea-Individual-14.jpg\" \/>\n\n\n\t<img decoding=\"async\" class=\"ms-thumb\" src=\"https:\/\/www.suenosdeatenea.com\/wp-content\/uploads\/2020\/04\/Sue\u00f1os-de-Atenea-Individual-14-130x70.jpg\" alt=\"\" \/>\n\t\t\t\t<\/div>\n\t\t\t<div  class=\"ms-slide\" data-delay=\"3\" data-fill-mode=\"fill\"   >\n\t\t\t\t\t<img decoding=\"async\" src=\"https:\/\/www.suenosdeatenea.com\/wp-content\/plugins\/masterslider\/public\/assets\/css\/blank.gif\" alt=\"\" title=\"\" data-src=\"https:\/\/www.suenosdeatenea.com\/wp-content\/uploads\/2020\/04\/Sue\u00f1os-de-Atenea-Individual-15.jpg\" \/>\n\n\n\t<img decoding=\"async\" class=\"ms-thumb\" src=\"https:\/\/www.suenosdeatenea.com\/wp-content\/uploads\/2020\/04\/Sue\u00f1os-de-Atenea-Individual-15-130x70.jpg\" alt=\"\" \/>\n\t\t\t\t<\/div>\n\t\t\t<div  class=\"ms-slide\" data-delay=\"3\" data-fill-mode=\"fill\"   >\n\t\t\t\t\t<img decoding=\"async\" src=\"https:\/\/www.suenosdeatenea.com\/wp-content\/plugins\/masterslider\/public\/assets\/css\/blank.gif\" alt=\"\" title=\"\" data-src=\"https:\/\/www.suenosdeatenea.com\/wp-content\/uploads\/2020\/04\/Sue\u00f1os-de-Atenea-Individual-16.jpg\" \/>\n\n\n\t<img decoding=\"async\" class=\"ms-thumb\" src=\"https:\/\/www.suenosdeatenea.com\/wp-content\/uploads\/2020\/04\/Sue\u00f1os-de-Atenea-Individual-16-130x70.jpg\" alt=\"\" \/>\n\t\t\t\t<\/div>\n\t\t\t<div  class=\"ms-slide\" data-delay=\"3\" data-fill-mode=\"fill\"   >\n\t\t\t\t\t<img decoding=\"async\" src=\"https:\/\/www.suenosdeatenea.com\/wp-content\/plugins\/masterslider\/public\/assets\/css\/blank.gif\" alt=\"\" title=\"\" data-src=\"https:\/\/www.suenosdeatenea.com\/wp-content\/uploads\/2020\/04\/Sue\u00f1os-de-Atenea-Individual-17.jpg\" \/>\n\n\n\t<img decoding=\"async\" class=\"ms-thumb\" src=\"https:\/\/www.suenosdeatenea.com\/wp-content\/uploads\/2020\/04\/Sue\u00f1os-de-Atenea-Individual-17-130x70.jpg\" alt=\"\" \/>\n\t\t\t\t<\/div>\n\t\t\t<div  class=\"ms-slide\" data-delay=\"3\" data-fill-mode=\"fill\"   >\n\t\t\t\t\t<img decoding=\"async\" src=\"https:\/\/www.suenosdeatenea.com\/wp-content\/plugins\/masterslider\/public\/assets\/css\/blank.gif\" alt=\"\" title=\"\" data-src=\"https:\/\/www.suenosdeatenea.com\/wp-content\/uploads\/2020\/04\/Sue\u00f1os-de-Atenea-Individual-18.jpg\" \/>\n\n\n\t<img decoding=\"async\" class=\"ms-thumb\" src=\"https:\/\/www.suenosdeatenea.com\/wp-content\/uploads\/2020\/04\/Sue\u00f1os-de-Atenea-Individual-18-130x70.jpg\" alt=\"\" \/>\n\t\t\t\t<\/div>\n\t\t\t<div  class=\"ms-slide\" data-delay=\"3\" data-fill-mode=\"fill\"   >\n\t\t\t\t\t<img decoding=\"async\" src=\"https:\/\/www.suenosdeatenea.com\/wp-content\/plugins\/masterslider\/public\/assets\/css\/blank.gif\" alt=\"\" title=\"\" data-src=\"https:\/\/www.suenosdeatenea.com\/wp-content\/uploads\/2020\/04\/Sue\u00f1os-de-Atenea-Individual-19.jpg\" \/>\n\n\n\t<img decoding=\"async\" class=\"ms-thumb\" src=\"https:\/\/www.suenosdeatenea.com\/wp-content\/uploads\/2020\/04\/Sue\u00f1os-de-Atenea-Individual-19-130x70.jpg\" alt=\"\" \/>\n\t\t\t\t<\/div>\n\t\t\t<div  class=\"ms-slide\" data-delay=\"3\" data-fill-mode=\"fill\"   >\n\t\t\t\t\t<img decoding=\"async\" src=\"https:\/\/www.suenosdeatenea.com\/wp-content\/plugins\/masterslider\/public\/assets\/css\/blank.gif\" alt=\"\" title=\"\" data-src=\"https:\/\/www.suenosdeatenea.com\/wp-content\/uploads\/2020\/04\/Sue\u00f1os-de-Atenea-Individual-20.jpg\" \/>\n\n\n\t<img decoding=\"async\" class=\"ms-thumb\" src=\"https:\/\/www.suenosdeatenea.com\/wp-content\/uploads\/2020\/04\/Sue\u00f1os-de-Atenea-Individual-20-130x70.jpg\" alt=\"\" \/>\n\t\t\t\t<\/div>\n\t\t\t<div  class=\"ms-slide\" data-delay=\"3\" data-fill-mode=\"fill\"   >\n\t\t\t\t\t<img decoding=\"async\" src=\"https:\/\/www.suenosdeatenea.com\/wp-content\/plugins\/masterslider\/public\/assets\/css\/blank.gif\" alt=\"\" title=\"\" data-src=\"https:\/\/www.suenosdeatenea.com\/wp-content\/uploads\/2020\/04\/Sue\u00f1os-de-Atenea-Individual-21.jpg\" \/>\n\n\n\t<img decoding=\"async\" class=\"ms-thumb\" src=\"https:\/\/www.suenosdeatenea.com\/wp-content\/uploads\/2020\/04\/Sue\u00f1os-de-Atenea-Individual-21-130x70.jpg\" alt=\"\" \/>\n\t\t\t\t<\/div>\n\t\t\t<div  class=\"ms-slide\" data-delay=\"3\" data-fill-mode=\"fill\"   >\n\t\t\t\t\t<img decoding=\"async\" src=\"https:\/\/www.suenosdeatenea.com\/wp-content\/plugins\/masterslider\/public\/assets\/css\/blank.gif\" alt=\"\" title=\"\" data-src=\"https:\/\/www.suenosdeatenea.com\/wp-content\/uploads\/2020\/04\/Sue\u00f1os-de-Atenea-Individual-22.jpg\" \/>\n\n\n\t<img decoding=\"async\" class=\"ms-thumb\" src=\"https:\/\/www.suenosdeatenea.com\/wp-content\/uploads\/2020\/04\/Sue\u00f1os-de-Atenea-Individual-22-130x70.jpg\" alt=\"\" \/>\n\t\t\t\t<\/div>\n\t\t\t<div  class=\"ms-slide\" data-delay=\"3\" data-fill-mode=\"fill\"   >\n\t\t\t\t\t<img decoding=\"async\" src=\"https:\/\/www.suenosdeatenea.com\/wp-content\/plugins\/masterslider\/public\/assets\/css\/blank.gif\" alt=\"\" title=\"\" data-src=\"https:\/\/www.suenosdeatenea.com\/wp-content\/uploads\/2020\/04\/Sue\u00f1os-de-Atenea-Individual-23.jpg\" \/>\n\n\n\t<img decoding=\"async\" class=\"ms-thumb\" src=\"https:\/\/www.suenosdeatenea.com\/wp-content\/uploads\/2020\/04\/Sue\u00f1os-de-Atenea-Individual-23-130x70.jpg\" alt=\"\" \/>\n\t\t\t\t<\/div>\n\t\t\t<div  class=\"ms-slide\" data-delay=\"3\" data-fill-mode=\"fill\"   >\n\t\t\t\t\t<img decoding=\"async\" src=\"https:\/\/www.suenosdeatenea.com\/wp-content\/plugins\/masterslider\/public\/assets\/css\/blank.gif\" alt=\"\" title=\"\" data-src=\"https:\/\/www.suenosdeatenea.com\/wp-content\/uploads\/2020\/04\/Sue\u00f1os-de-Atenea-Individual-24.jpg\" \/>\n\n\n\t<img decoding=\"async\" class=\"ms-thumb\" src=\"https:\/\/www.suenosdeatenea.com\/wp-content\/uploads\/2020\/04\/Sue\u00f1os-de-Atenea-Individual-24-130x70.jpg\" alt=\"\" \/>\n\t\t\t\t<\/div>\n\t\t\t<div  class=\"ms-slide\" data-delay=\"3\" data-fill-mode=\"fill\"   >\n\t\t\t\t\t<img decoding=\"async\" src=\"https:\/\/www.suenosdeatenea.com\/wp-content\/plugins\/masterslider\/public\/assets\/css\/blank.gif\" alt=\"\" title=\"\" data-src=\"https:\/\/www.suenosdeatenea.com\/wp-content\/uploads\/2020\/04\/Sue\u00f1os-de-Atenea-Individual-25.jpg\" \/>\n\n\n\t<img decoding=\"async\" class=\"ms-thumb\" src=\"https:\/\/www.suenosdeatenea.com\/wp-content\/uploads\/2020\/04\/Sue\u00f1os-de-Atenea-Individual-25-130x70.jpg\" alt=\"\" \/>\n\t\t\t\t<\/div>\n\t\t\t<div  class=\"ms-slide\" data-delay=\"3\" data-fill-mode=\"fill\"   >\n\t\t\t\t\t<img decoding=\"async\" src=\"https:\/\/www.suenosdeatenea.com\/wp-content\/plugins\/masterslider\/public\/assets\/css\/blank.gif\" alt=\"\" title=\"\" data-src=\"https:\/\/www.suenosdeatenea.com\/wp-content\/uploads\/2020\/04\/Sue\u00f1os-de-Atenea-Individual-26.jpg\" \/>\n\n\n\t<img decoding=\"async\" class=\"ms-thumb\" src=\"https:\/\/www.suenosdeatenea.com\/wp-content\/uploads\/2020\/04\/Sue\u00f1os-de-Atenea-Individual-26-130x70.jpg\" alt=\"\" \/>\n\t\t\t\t<\/div>\n\t\t\t<div  class=\"ms-slide\" data-delay=\"3\" data-fill-mode=\"fill\"   >\n\t\t\t\t\t<img decoding=\"async\" src=\"https:\/\/www.suenosdeatenea.com\/wp-content\/plugins\/masterslider\/public\/assets\/css\/blank.gif\" alt=\"\" title=\"\" data-src=\"https:\/\/www.suenosdeatenea.com\/wp-content\/uploads\/2020\/04\/Sue\u00f1os-de-Atenea-Individual-27.jpg\" \/>\n\n\n\t<img decoding=\"async\" class=\"ms-thumb\" src=\"https:\/\/www.suenosdeatenea.com\/wp-content\/uploads\/2020\/04\/Sue\u00f1os-de-Atenea-Individual-27-130x70.jpg\" alt=\"\" \/>\n\t\t\t\t<\/div>\n\n\t\t\t<\/div>\n\t\t\t<!-- END MasterSlider Main -->\n\n\t\t\t \n\t\t<\/div>\n\t\t<!-- END MasterSlider -->\n\n\t\t<script>\n\t\t( window.MSReady = window.MSReady || [] ).push( function( $ ) {\n\n\t\t\t\"use strict\";\n\t\t\tvar masterslider_0635 = new MasterSlider();\n\n\t\t\t\/\/ slider controls\n\t\t\tmasterslider_0635.control('arrows'     ,{ autohide:true, overVideo:true  });\n\t\t\tmasterslider_0635.control('thumblist'  ,{ autohide:false, overVideo:true, dir:'h', speed:17, inset:false, arrows:true, hover:false, customClass:'', align:'bottom',type:'thumbs', margin:2, width:130, height:70, space:2, fillMode:'fill'  });\n\t\t\t\/\/ slider setup\n\t\t\tmasterslider_0635.setup(\"MS69e0cae280635\", {\n\t\t\t\twidth           : 900,\n\t\t\t\theight          : 555,\n\t\t\t\tminHeight       : 0,\n\t\t\t\tspace           : 0,\n\t\t\t\tstart           : 1,\n\t\t\t\tgrabCursor      : true,\n\t\t\t\tswipe           : true,\n\t\t\t\tmouse           : true,\n\t\t\t\tkeyboard        : false,\n\t\t\t\tlayout          : \"boxed\",\n\t\t\t\twheel           : false,\n\t\t\t\tautoplay        : true,\n                instantStartLayers:false,\n\t\t\t\tmobileBGVideo:false,\n\t\t\t\tloop            : true,\n\t\t\t\tshuffle         : true,\n\t\t\t\tpreload         : 0,\n\t\t\t\theightLimit     : true,\n\t\t\t\tautoHeight      : true,\n\t\t\t\tsmoothHeight    : true,\n\t\t\t\tendPause        : false,\n\t\t\t\toverPause       : true,\n\t\t\t\tfillMode        : \"fill\",\n\t\t\t\tcenterControls  : true,\n\t\t\t\tstartOnAppear   : false,\n\t\t\t\tlayersMode      : \"center\",\n\t\t\t\tautofillTarget  : \"\",\n\t\t\t\thideLayers      : false,\n\t\t\t\tfullscreenMargin: 0,\n\t\t\t\tspeed           : 20,\n\t\t\t\tdir             : \"h\",\n\t\t\t\tresponsive      : true,\n\t\t\t\ttabletWidth     : 768,\n\t\t\t\ttabletHeight    : null,\n\t\t\t\tphoneWidth      : 480,\n\t\t\t\tphoneHeight    : null,\n\t\t\t\tsizingReference : window,\n\t\t\t\tparallaxMode    : 'swipe',\n\t\t\t\tview            : \"scale\"\n\t\t\t});\n\n\t\t\t\n\t\t\twindow.masterslider_instances = window.masterslider_instances || [];\n\t\t\twindow.masterslider_instances.push( masterslider_0635 );\n\t\t});\n\t\t<\/script>\n\n\n<p>\t\t<div data-elementor-type=\"page\" data-elementor-id=\"36833\" class=\"elementor elementor-36833\" data-elementor-post-type=\"elementor_library\">\n\t\t\t\t\t\t<section class=\"elementor-section elementor-top-section elementor-element elementor-element-9fb2fb1 elementor-section-full_width elementor-section-height-default elementor-section-height-default\" data-id=\"9fb2fb1\" data-element_type=\"section\" data-e-type=\"section\" data-settings=\"{&quot;background_background&quot;:&quot;classic&quot;}\">\n\t\t\t\t\t\t<div class=\"elementor-container elementor-column-gap-no\">\n\t\t\t\t\t<div class=\"elementor-column elementor-col-100 elementor-top-column elementor-element elementor-element-51448ce\" data-id=\"51448ce\" data-element_type=\"column\" data-e-type=\"column\" data-settings=\"{&quot;background_background&quot;:&quot;classic&quot;}\">\n\t\t\t<div class=\"elementor-widget-wrap elementor-element-populated\">\n\t\t\t\t\t\t<div class=\"elementor-element elementor-element-44c34de elementor-widget elementor-widget-text-editor\" data-id=\"44c34de\" data-element_type=\"widget\" data-e-type=\"widget\" data-widget_type=\"text-editor.default\">\n\t\t\t\t<div class=\"elementor-widget-container\">\n\t\t\t\t\t\t\t\t\t<p>Demana pressupost sense comprom\u00eds a trav\u00e9s del seg\u00fcent formulari.<br \/>Respondr\u00e9 en breu. Gr\u00e0cies!<\/p>\t\t\t\t\t\t\t\t<\/div>\n\t\t\t\t<\/div>\n\t\t\t\t<div class=\"elementor-element elementor-element-768d45a3 elementor-button-align-start elementor-widget elementor-widget-form\" data-id=\"768d45a3\" data-element_type=\"widget\" data-e-type=\"widget\" data-settings=\"{&quot;step_next_label&quot;:&quot;Next&quot;,&quot;step_previous_label&quot;:&quot;Previous&quot;,&quot;button_width&quot;:&quot;100&quot;,&quot;step_type&quot;:&quot;number_text&quot;,&quot;step_icon_shape&quot;:&quot;circle&quot;}\" data-widget_type=\"form.default\">\n\t\t\t\t<div class=\"elementor-widget-container\">\n\t\t\t\t\t\t\t<form class=\"elementor-form\" method=\"post\" name=\"Nuevo Formulario\" aria-label=\"Nuevo Formulario\">\n\t\t\t<input type=\"hidden\" name=\"post_id\" value=\"36833\"\/>\n\t\t\t<input type=\"hidden\" name=\"form_id\" value=\"768d45a3\"\/>\n\t\t\t<input type=\"hidden\" name=\"referer_title\" value=\"Fantasia\" \/>\n\n\t\t\t\t\t\t\t<input type=\"hidden\" name=\"queried_id\" value=\"6719\"\/>\n\t\t\t\n\t\t\t<div class=\"elementor-form-fields-wrapper elementor-labels-\">\n\t\t\t\t\t\t\t\t<div class=\"elementor-field-type-text elementor-field-group elementor-column elementor-field-group-name elementor-col-50 elementor-field-required\">\n\t\t\t\t\t\t\t\t\t\t\t\t<label for=\"form-field-name\" class=\"elementor-field-label elementor-screen-only\">\n\t\t\t\t\t\t\t\tNom\t\t\t\t\t\t\t<\/label>\n\t\t\t\t\t\t\t\t\t\t\t\t\t\t<input size=\"1\" type=\"text\" name=\"form_fields[name]\" id=\"form-field-name\" class=\"elementor-field elementor-size-md  elementor-field-textual\" placeholder=\"Nom\" required=\"required\">\n\t\t\t\t\t\t\t\t\t\t\t<\/div>\n\t\t\t\t\t\t\t\t<div class=\"elementor-field-type-email elementor-field-group elementor-column elementor-field-group-email elementor-col-50 elementor-field-required\">\n\t\t\t\t\t\t\t\t\t\t\t\t<label for=\"form-field-email\" class=\"elementor-field-label elementor-screen-only\">\n\t\t\t\t\t\t\t\tCorreu electr\u00f2nic\t\t\t\t\t\t\t<\/label>\n\t\t\t\t\t\t\t\t\t\t\t\t\t\t<input size=\"1\" type=\"email\" name=\"form_fields[email]\" id=\"form-field-email\" class=\"elementor-field elementor-size-md  elementor-field-textual\" placeholder=\"Correu electr\u00f2nic\" required=\"required\">\n\t\t\t\t\t\t\t\t\t\t\t<\/div>\n\t\t\t\t\t\t\t\t<div class=\"elementor-field-type-textarea elementor-field-group elementor-column elementor-field-group-message elementor-col-100 elementor-field-required\">\n\t\t\t\t\t\t\t\t\t\t\t\t<label for=\"form-field-message\" class=\"elementor-field-label elementor-screen-only\">\n\t\t\t\t\t\t\t\tMissatge\t\t\t\t\t\t\t<\/label>\n\t\t\t\t\t\t<textarea class=\"elementor-field-textual elementor-field  elementor-size-md\" name=\"form_fields[message]\" id=\"form-field-message\" rows=\"4\" placeholder=\"Missatge\" required=\"required\"><\/textarea>\t\t\t\t<\/div>\n\t\t\t\t\t\t\t\t<div class=\"elementor-field-type-text\">\n\t\t\t\t\t<input size=\"1\" type=\"text\" name=\"form_fields[field_2890d80]\" id=\"form-field-field_2890d80\" class=\"elementor-field elementor-size-md \" style=\"display:none !important;\">\t\t\t\t<\/div>\n\t\t\t\t\t\t\t\t<div class=\"elementor-field-type-acceptance elementor-field-group elementor-column elementor-field-group-field_e0a8ac7 elementor-col-100 elementor-field-required\">\n\t\t\t\t\t\t\t\t\t\t\t\t<label for=\"form-field-field_e0a8ac7\" class=\"elementor-field-label elementor-screen-only\">\n\t\t\t\t\t\t\t\tTermes i condicions\t\t\t\t\t\t\t<\/label>\n\t\t\t\t\t\t\t\t<div class=\"elementor-field-subgroup\">\n\t\t\t<span class=\"elementor-field-option\">\n\t\t\t\t<input type=\"checkbox\" name=\"form_fields[field_e0a8ac7]\" id=\"form-field-field_e0a8ac7\" class=\"elementor-field elementor-size-md  elementor-acceptance-field\" required=\"required\">\n\t\t\t\t<label for=\"form-field-field_e0a8ac7\">He llegit i accepto els termes i condicions de <a href=https:\/\/www.suenosdeatenea.com\/politica-de-privacidad\/ target='_blank'><em>protecci\u00f3 de dades i pol\u00edtica de privacitat.<\/em><\/a><\/label>\t\t\t<\/span>\n\t\t<\/div>\n\t\t\t\t\t\t<\/div>\n\t\t\t\t\t\t\t\t<div class=\"elementor-field-type-acceptance elementor-field-group elementor-column elementor-field-group-field_ecaf849 elementor-col-100 elementor-field-required\">\n\t\t\t\t\t\t\t\t\t\t\t\t<label for=\"form-field-field_ecaf849\" class=\"elementor-field-label elementor-screen-only\">\n\t\t\t\t\t\t\t\tAutoritzo\t\t\t\t\t\t\t<\/label>\n\t\t\t\t\t\t\t\t<div class=\"elementor-field-subgroup\">\n\t\t\t<span class=\"elementor-field-option\">\n\t\t\t\t<input type=\"checkbox\" name=\"form_fields[field_ecaf849]\" id=\"form-field-field_ecaf849\" class=\"elementor-field elementor-size-md  elementor-acceptance-field\" required=\"required\">\n\t\t\t\t<label for=\"form-field-field_ecaf849\">Autoritzo el tractament de les meves dades per poder rebre informaci\u00f3 per mitjans electr\u00f2nics.<\/label>\t\t\t<\/span>\n\t\t<\/div>\n\t\t\t\t\t\t<\/div>\n\t\t\t\t\t\t\t\t<div class=\"elementor-field-group elementor-column elementor-field-type-submit elementor-col-100 e-form__buttons\">\n\t\t\t\t\t<button class=\"elementor-button elementor-size-xs\" type=\"submit\">\n\t\t\t\t\t\t<span class=\"elementor-button-content-wrapper\">\n\t\t\t\t\t\t\t\t\t\t\t\t\t\t\t\t\t\t\t\t\t\t<span class=\"elementor-button-text\">ENVIAR<\/span>\n\t\t\t\t\t\t\t\t\t\t\t\t\t<\/span>\n\t\t\t\t\t<\/button>\n\t\t\t\t<\/div>\n\t\t\t<\/div>\n\t\t<\/form>\n\t\t\t\t\t\t<\/div>\n\t\t\t\t<\/div>\n\t\t\t\t\t<\/div>\n\t\t<\/div>\n\t\t\t\t\t<\/div>\n\t\t<\/section>\n\t\t\t\t<\/div>\n\t\t<\/p>","protected":false},"excerpt":{"rendered":"<p>Vols renovar la teva imatge a les xarxes socials? Fer un regal especial a qui m\u00e9s ho mereix? Auto regalar-te aquella sessi\u00f3 de la que tantes ganes tenies? T\u2019inicies en el m\u00f3n de la moda i vols disposar del teu propi look? Necessites imatges per a vendre moda a la teva shop on line? Converteix-te<br \/><a class=\"moretag\" href=\"https:\/\/www.suenosdeatenea.com\/ca\/individual\/\">+ Read More<\/a><\/p>\n","protected":false},"author":112,"featured_media":0,"parent":0,"menu_order":0,"comment_status":"closed","ping_status":"closed","template":"","meta":{"_acf_changed":false,"footnotes":""},"class_list":["post-8174","page","type-page","status-publish","hentry"],"acf":[],"_links":{"self":[{"href":"https:\/\/www.suenosdeatenea.com\/ca\/wp-json\/wp\/v2\/pages\/8174","targetHints":{"allow":["GET"]}}],"collection":[{"href":"https:\/\/www.suenosdeatenea.com\/ca\/wp-json\/wp\/v2\/pages"}],"about":[{"href":"https:\/\/www.suenosdeatenea.com\/ca\/wp-json\/wp\/v2\/types\/page"}],"author":[{"embeddable":true,"href":"https:\/\/www.suenosdeatenea.com\/ca\/wp-json\/wp\/v2\/users\/112"}],"replies":[{"embeddable":true,"href":"https:\/\/www.suenosdeatenea.com\/ca\/wp-json\/wp\/v2\/comments?post=8174"}],"version-history":[{"count":0,"href":"https:\/\/www.suenosdeatenea.com\/ca\/wp-json\/wp\/v2\/pages\/8174\/revisions"}],"wp:attachment":[{"href":"https:\/\/www.suenosdeatenea.com\/ca\/wp-json\/wp\/v2\/media?parent=8174"}],"curies":[{"name":"wp","href":"https:\/\/api.w.org\/{rel}","templated":true}]}}