{"id":62464,"date":"2022-08-03T12:19:48","date_gmt":"2022-08-03T10:19:48","guid":{"rendered":"https:\/\/www.suenosdeatenea.com\/?page_id=62464"},"modified":"2022-08-08T17:21:23","modified_gmt":"2022-08-08T15:21:23","slug":"smash-paint","status":"publish","type":"page","link":"https:\/\/www.suenosdeatenea.com\/ca\/smash-paint\/","title":{"rendered":"Smash Paint"},"content":{"rendered":"\t\t<div data-elementor-type=\"wp-page\" data-elementor-id=\"62464\" class=\"elementor elementor-62464\" data-elementor-post-type=\"page\">\n\t\t\t\t\t\t<section class=\"elementor-section elementor-top-section elementor-element elementor-element-38e3c78 elementor-section-full_width elementor-section-height-default elementor-section-height-default\" data-id=\"38e3c78\" data-element_type=\"section\" data-e-type=\"section\">\n\t\t\t\t\t\t<div class=\"elementor-container elementor-column-gap-no\">\n\t\t\t\t\t<div class=\"elementor-column elementor-col-100 elementor-top-column elementor-element elementor-element-0de33b9\" data-id=\"0de33b9\" data-element_type=\"column\" data-e-type=\"column\">\n\t\t\t<div class=\"elementor-widget-wrap elementor-element-populated\">\n\t\t\t\t\t\t<div class=\"elementor-element elementor-element-aba9d79 elementor-widget elementor-widget-heading\" data-id=\"aba9d79\" data-element_type=\"widget\" data-e-type=\"widget\" data-widget_type=\"heading.default\">\n\t\t\t\t<div class=\"elementor-widget-container\">\n\t\t\t\t\t<h2 class=\"elementor-heading-title elementor-size-default\">Els m\u00e9s petits ho passaran en gran<br>amb les nostres sessions Smash Paint!<\/h2>\t\t\t\t<\/div>\n\t\t\t\t<\/div>\n\t\t\t\t<div class=\"elementor-element elementor-element-36f0087 elementor-widget elementor-widget-text-editor\" data-id=\"36f0087\" data-element_type=\"widget\" data-e-type=\"widget\" data-widget_type=\"text-editor.default\">\n\t\t\t\t<div class=\"elementor-widget-container\">\n\t\t\t\t\t\t\t\t\t<p>Recomanades a partir de 2 anys, busquen captar la seva naturalitat i espontane\u00eftat deixant sortir la seva creativitat.<\/p><h3>Una sessi\u00f3 a un espai diferent i especial, L&#8217;Estudi d&#8217;Art<\/h3><p>El teu petit\/a pintar\u00e0 un llen\u00e7 amb pintures especials comestibles. Es tornar\u00e0 boig, es tacar\u00e0 sencer, per\u00f2 tranquils perqu\u00e8 aquesta pintura es renta amb facilitat.<\/p><p>En finalitzar la sessi\u00f3 tamb\u00e9 et podr\u00e0s endur l&#8217;obra d&#8217;art del teu petit artista a casa, com un bonic record.<\/p><p>Les sessions Smash Paint inclouen la part del bany, perqu\u00e8 aix\u00ed el vostre petit\/a, surti de l&#8217;estudi ja ben net.<\/p><p>La sessi\u00f3 durar\u00e0 aproximadament 1 hora.<\/p>\t\t\t\t\t\t\t\t<\/div>\n\t\t\t\t<\/div>\n\t\t\t\t<div class=\"elementor-element elementor-element-c2a1bdd elementor-widget elementor-widget-heading\" data-id=\"c2a1bdd\" data-element_type=\"widget\" data-e-type=\"widget\" data-widget_type=\"heading.default\">\n\t\t\t\t<div class=\"elementor-widget-container\">\n\t\t\t\t\t<h3 class=\"elementor-heading-title elementor-size-default\">Una sessi\u00f3 a tot color!<\/h3>\t\t\t\t<\/div>\n\t\t\t\t<\/div>\n\t\t\t\t<div class=\"elementor-element elementor-element-1f6fb71 elementor-widget elementor-widget-gallery\" data-id=\"1f6fb71\" data-element_type=\"widget\" data-e-type=\"widget\" data-settings=\"{&quot;columns&quot;:3,&quot;gap&quot;:{&quot;unit&quot;:&quot;px&quot;,&quot;size&quot;:4,&quot;sizes&quot;:[]},&quot;gap_tablet&quot;:{&quot;unit&quot;:&quot;px&quot;,&quot;size&quot;:3,&quot;sizes&quot;:[]},&quot;gap_mobile&quot;:{&quot;unit&quot;:&quot;px&quot;,&quot;size&quot;:4,&quot;sizes&quot;:[]},&quot;lazyload&quot;:&quot;yes&quot;,&quot;gallery_layout&quot;:&quot;grid&quot;,&quot;columns_tablet&quot;:2,&quot;columns_mobile&quot;:1,&quot;link_to&quot;:&quot;file&quot;,&quot;aspect_ratio&quot;:&quot;3:2&quot;,&quot;overlay_background&quot;:&quot;yes&quot;,&quot;content_hover_animation&quot;:&quot;fade-in&quot;}\" data-widget_type=\"gallery.default\">\n\t\t\t\t<div class=\"elementor-widget-container\">\n\t\t\t\t\t\t\t<div class=\"elementor-gallery__container\">\n\t\t\t\t\t\t\t<a class=\"e-gallery-item elementor-gallery-item elementor-animated-content\" href=\"https:\/\/www.suenosdeatenea.com\/wp-content\/uploads\/2022\/08\/Suenos-de-Atenea-Photography-Sesion-Smash-Paint-12.jpg\" data-elementor-open-lightbox=\"yes\" data-elementor-lightbox-slideshow=\"1f6fb71\" data-elementor-lightbox-title=\"Sue\u00f1os de Atenea Photography - Sessi\u00f3 Smash Paint\" data-e-action-hash=\"#elementor-action%3Aaction%3Dlightbox%26settings%3DeyJpZCI6NjI1NDAsInVybCI6Imh0dHBzOlwvXC93d3cuc3Vlbm9zZGVhdGVuZWEuY29tXC93cC1jb250ZW50XC91cGxvYWRzXC8yMDIyXC8wOFwvU3Vlbm9zLWRlLUF0ZW5lYS1QaG90b2dyYXBoeS1TZXNpb24tU21hc2gtUGFpbnQtMTIuanBnIiwic2xpZGVzaG93IjoiMWY2ZmI3MSJ9\">\n\t\t\t\t\t<div class=\"e-gallery-image elementor-gallery-item__image\" data-thumbnail=\"https:\/\/www.suenosdeatenea.com\/wp-content\/uploads\/2022\/08\/Suenos-de-Atenea-Photography-Sesion-Smash-Paint-12.jpg\" data-width=\"900\" data-height=\"601\" aria-label=\"Sue\u00f1os de Atenea Photography - Sessi\u00f3 Smash Paint\" role=\"img\" ><\/div>\n\t\t\t\t\t\t\t\t\t\t\t<div class=\"elementor-gallery-item__overlay\"><\/div>\n\t\t\t\t\t\t\t\t\t\t\t\t\t\t<\/a>\n\t\t\t\t\t\t\t<a class=\"e-gallery-item elementor-gallery-item elementor-animated-content\" href=\"https:\/\/www.suenosdeatenea.com\/wp-content\/uploads\/2022\/08\/Suenos-de-Atenea-Photography-Sesion-Smash-Paint-10.jpg\" data-elementor-open-lightbox=\"yes\" data-elementor-lightbox-slideshow=\"1f6fb71\" data-elementor-lightbox-title=\"Sue\u00f1os de Atenea Photography - Sessi\u00f3 Smash Paint\" data-e-action-hash=\"#elementor-action%3Aaction%3Dlightbox%26settings%3DeyJpZCI6NjI1MzgsInVybCI6Imh0dHBzOlwvXC93d3cuc3Vlbm9zZGVhdGVuZWEuY29tXC93cC1jb250ZW50XC91cGxvYWRzXC8yMDIyXC8wOFwvU3Vlbm9zLWRlLUF0ZW5lYS1QaG90b2dyYXBoeS1TZXNpb24tU21hc2gtUGFpbnQtMTAuanBnIiwic2xpZGVzaG93IjoiMWY2ZmI3MSJ9\">\n\t\t\t\t\t<div class=\"e-gallery-image elementor-gallery-item__image\" data-thumbnail=\"https:\/\/www.suenosdeatenea.com\/wp-content\/uploads\/2022\/08\/Suenos-de-Atenea-Photography-Sesion-Smash-Paint-10.jpg\" data-width=\"900\" data-height=\"601\" aria-label=\"Sue\u00f1os de Atenea Photography - Sessi\u00f3 Smash Paint\" role=\"img\" ><\/div>\n\t\t\t\t\t\t\t\t\t\t\t<div class=\"elementor-gallery-item__overlay\"><\/div>\n\t\t\t\t\t\t\t\t\t\t\t\t\t\t<\/a>\n\t\t\t\t\t\t\t<a class=\"e-gallery-item elementor-gallery-item elementor-animated-content\" href=\"https:\/\/www.suenosdeatenea.com\/wp-content\/uploads\/2022\/08\/Suenos-de-Atenea-Photography-Sesion-Smash-Paint-4.jpg\" data-elementor-open-lightbox=\"yes\" data-elementor-lightbox-slideshow=\"1f6fb71\" data-elementor-lightbox-title=\"Sue\u00f1os de Atenea Photography - Sessi\u00f3 Smash Paint\" data-e-action-hash=\"#elementor-action%3Aaction%3Dlightbox%26settings%3DeyJpZCI6NjI1MzIsInVybCI6Imh0dHBzOlwvXC93d3cuc3Vlbm9zZGVhdGVuZWEuY29tXC93cC1jb250ZW50XC91cGxvYWRzXC8yMDIyXC8wOFwvU3Vlbm9zLWRlLUF0ZW5lYS1QaG90b2dyYXBoeS1TZXNpb24tU21hc2gtUGFpbnQtNC5qcGciLCJzbGlkZXNob3ciOiIxZjZmYjcxIn0%3D\">\n\t\t\t\t\t<div class=\"e-gallery-image elementor-gallery-item__image\" data-thumbnail=\"https:\/\/www.suenosdeatenea.com\/wp-content\/uploads\/2022\/08\/Suenos-de-Atenea-Photography-Sesion-Smash-Paint-4.jpg\" data-width=\"900\" data-height=\"601\" aria-label=\"Sue\u00f1os de Atenea Photography - Sessi\u00f3 Smash Paint\" role=\"img\" ><\/div>\n\t\t\t\t\t\t\t\t\t\t\t<div class=\"elementor-gallery-item__overlay\"><\/div>\n\t\t\t\t\t\t\t\t\t\t\t\t\t\t<\/a>\n\t\t\t\t\t\t\t<a class=\"e-gallery-item elementor-gallery-item elementor-animated-content\" href=\"https:\/\/www.suenosdeatenea.com\/wp-content\/uploads\/2022\/08\/Suenos-de-Atenea-Photography-Sesion-Smash-Paint-2.jpg\" data-elementor-open-lightbox=\"yes\" data-elementor-lightbox-slideshow=\"1f6fb71\" data-elementor-lightbox-title=\"Sue\u00f1os de Atenea Photography - Sessi\u00f3 Smash Paint\" data-e-action-hash=\"#elementor-action%3Aaction%3Dlightbox%26settings%3DeyJpZCI6NjI1MzAsInVybCI6Imh0dHBzOlwvXC93d3cuc3Vlbm9zZGVhdGVuZWEuY29tXC93cC1jb250ZW50XC91cGxvYWRzXC8yMDIyXC8wOFwvU3Vlbm9zLWRlLUF0ZW5lYS1QaG90b2dyYXBoeS1TZXNpb24tU21hc2gtUGFpbnQtMi5qcGciLCJzbGlkZXNob3ciOiIxZjZmYjcxIn0%3D\">\n\t\t\t\t\t<div class=\"e-gallery-image elementor-gallery-item__image\" data-thumbnail=\"https:\/\/www.suenosdeatenea.com\/wp-content\/uploads\/2022\/08\/Suenos-de-Atenea-Photography-Sesion-Smash-Paint-2.jpg\" data-width=\"900\" data-height=\"601\" aria-label=\"Sue\u00f1os de Atenea Photography - Sessi\u00f3 Smash Paint\" role=\"img\" ><\/div>\n\t\t\t\t\t\t\t\t\t\t\t<div class=\"elementor-gallery-item__overlay\"><\/div>\n\t\t\t\t\t\t\t\t\t\t\t\t\t\t<\/a>\n\t\t\t\t\t\t\t<a class=\"e-gallery-item elementor-gallery-item elementor-animated-content\" href=\"https:\/\/www.suenosdeatenea.com\/wp-content\/uploads\/2022\/08\/Suenos-de-Atenea-Photography-Sesion-Smash-Paint-6.jpg\" data-elementor-open-lightbox=\"yes\" data-elementor-lightbox-slideshow=\"1f6fb71\" data-elementor-lightbox-title=\"Sue\u00f1os de Atenea Photography - Sessi\u00f3 Smash Paint\" data-e-action-hash=\"#elementor-action%3Aaction%3Dlightbox%26settings%3DeyJpZCI6NjI1MzQsInVybCI6Imh0dHBzOlwvXC93d3cuc3Vlbm9zZGVhdGVuZWEuY29tXC93cC1jb250ZW50XC91cGxvYWRzXC8yMDIyXC8wOFwvU3Vlbm9zLWRlLUF0ZW5lYS1QaG90b2dyYXBoeS1TZXNpb24tU21hc2gtUGFpbnQtNi5qcGciLCJzbGlkZXNob3ciOiIxZjZmYjcxIn0%3D\">\n\t\t\t\t\t<div class=\"e-gallery-image elementor-gallery-item__image\" data-thumbnail=\"https:\/\/www.suenosdeatenea.com\/wp-content\/uploads\/2022\/08\/Suenos-de-Atenea-Photography-Sesion-Smash-Paint-6.jpg\" data-width=\"900\" data-height=\"601\" aria-label=\"Sue\u00f1os de Atenea Photography - Sessi\u00f3 Smash Paint\" role=\"img\" ><\/div>\n\t\t\t\t\t\t\t\t\t\t\t<div class=\"elementor-gallery-item__overlay\"><\/div>\n\t\t\t\t\t\t\t\t\t\t\t\t\t\t<\/a>\n\t\t\t\t\t\t\t<a class=\"e-gallery-item elementor-gallery-item elementor-animated-content\" href=\"https:\/\/www.suenosdeatenea.com\/wp-content\/uploads\/2022\/08\/Suenos-de-Atenea-Photography-Sesion-Smash-Paint-5.jpg\" data-elementor-open-lightbox=\"yes\" data-elementor-lightbox-slideshow=\"1f6fb71\" data-elementor-lightbox-title=\"Sue\u00f1os de Atenea Photography - Sessi\u00f3 Smash Paint\" data-e-action-hash=\"#elementor-action%3Aaction%3Dlightbox%26settings%3DeyJpZCI6NjI1MzMsInVybCI6Imh0dHBzOlwvXC93d3cuc3Vlbm9zZGVhdGVuZWEuY29tXC93cC1jb250ZW50XC91cGxvYWRzXC8yMDIyXC8wOFwvU3Vlbm9zLWRlLUF0ZW5lYS1QaG90b2dyYXBoeS1TZXNpb24tU21hc2gtUGFpbnQtNS5qcGciLCJzbGlkZXNob3ciOiIxZjZmYjcxIn0%3D\">\n\t\t\t\t\t<div class=\"e-gallery-image elementor-gallery-item__image\" data-thumbnail=\"https:\/\/www.suenosdeatenea.com\/wp-content\/uploads\/2022\/08\/Suenos-de-Atenea-Photography-Sesion-Smash-Paint-5.jpg\" data-width=\"900\" data-height=\"601\" aria-label=\"Sue\u00f1os de Atenea Photography - Sessi\u00f3 Smash Paint\" role=\"img\" ><\/div>\n\t\t\t\t\t\t\t\t\t\t\t<div class=\"elementor-gallery-item__overlay\"><\/div>\n\t\t\t\t\t\t\t\t\t\t\t\t\t\t<\/a>\n\t\t\t\t\t\t\t<a class=\"e-gallery-item elementor-gallery-item elementor-animated-content\" href=\"https:\/\/www.suenosdeatenea.com\/wp-content\/uploads\/2022\/08\/Suenos-de-Atenea-Photography-Sesion-Smash-Paint-3.jpg\" data-elementor-open-lightbox=\"yes\" data-elementor-lightbox-slideshow=\"1f6fb71\" data-elementor-lightbox-title=\"Sue\u00f1os de Atenea Photography - Sessi\u00f3 Smash Paint\" data-e-action-hash=\"#elementor-action%3Aaction%3Dlightbox%26settings%3DeyJpZCI6NjI1MzEsInVybCI6Imh0dHBzOlwvXC93d3cuc3Vlbm9zZGVhdGVuZWEuY29tXC93cC1jb250ZW50XC91cGxvYWRzXC8yMDIyXC8wOFwvU3Vlbm9zLWRlLUF0ZW5lYS1QaG90b2dyYXBoeS1TZXNpb24tU21hc2gtUGFpbnQtMy5qcGciLCJzbGlkZXNob3ciOiIxZjZmYjcxIn0%3D\">\n\t\t\t\t\t<div class=\"e-gallery-image elementor-gallery-item__image\" data-thumbnail=\"https:\/\/www.suenosdeatenea.com\/wp-content\/uploads\/2022\/08\/Suenos-de-Atenea-Photography-Sesion-Smash-Paint-3.jpg\" data-width=\"900\" data-height=\"601\" aria-label=\"Sue\u00f1os de Atenea Photography - Sessi\u00f3 Smash Paint\" role=\"img\" ><\/div>\n\t\t\t\t\t\t\t\t\t\t\t<div class=\"elementor-gallery-item__overlay\"><\/div>\n\t\t\t\t\t\t\t\t\t\t\t\t\t\t<\/a>\n\t\t\t\t\t\t\t<a class=\"e-gallery-item elementor-gallery-item elementor-animated-content\" href=\"https:\/\/www.suenosdeatenea.com\/wp-content\/uploads\/2022\/08\/Suenos-de-Atenea-Photography-Sesion-Smash-Paint-7.jpg\" data-elementor-open-lightbox=\"yes\" data-elementor-lightbox-slideshow=\"1f6fb71\" data-elementor-lightbox-title=\"Sue\u00f1os de Atenea Photography - Sessi\u00f3 Smash Paint\" data-e-action-hash=\"#elementor-action%3Aaction%3Dlightbox%26settings%3DeyJpZCI6NjI1MzUsInVybCI6Imh0dHBzOlwvXC93d3cuc3Vlbm9zZGVhdGVuZWEuY29tXC93cC1jb250ZW50XC91cGxvYWRzXC8yMDIyXC8wOFwvU3Vlbm9zLWRlLUF0ZW5lYS1QaG90b2dyYXBoeS1TZXNpb24tU21hc2gtUGFpbnQtNy5qcGciLCJzbGlkZXNob3ciOiIxZjZmYjcxIn0%3D\">\n\t\t\t\t\t<div class=\"e-gallery-image elementor-gallery-item__image\" data-thumbnail=\"https:\/\/www.suenosdeatenea.com\/wp-content\/uploads\/2022\/08\/Suenos-de-Atenea-Photography-Sesion-Smash-Paint-7.jpg\" data-width=\"900\" data-height=\"601\" aria-label=\"Sue\u00f1os de Atenea Photography - Sessi\u00f3 Smash Paint\" role=\"img\" ><\/div>\n\t\t\t\t\t\t\t\t\t\t\t<div class=\"elementor-gallery-item__overlay\"><\/div>\n\t\t\t\t\t\t\t\t\t\t\t\t\t\t<\/a>\n\t\t\t\t\t\t\t<a class=\"e-gallery-item elementor-gallery-item elementor-animated-content\" href=\"https:\/\/www.suenosdeatenea.com\/wp-content\/uploads\/2022\/08\/Suenos-de-Atenea-Photography-Sesion-Smash-Paint-11.jpg\" data-elementor-open-lightbox=\"yes\" data-elementor-lightbox-slideshow=\"1f6fb71\" data-elementor-lightbox-title=\"Sue\u00f1os de Atenea Photography - Sessi\u00f3 Smash Paint\" data-e-action-hash=\"#elementor-action%3Aaction%3Dlightbox%26settings%3DeyJpZCI6NjI1MzksInVybCI6Imh0dHBzOlwvXC93d3cuc3Vlbm9zZGVhdGVuZWEuY29tXC93cC1jb250ZW50XC91cGxvYWRzXC8yMDIyXC8wOFwvU3Vlbm9zLWRlLUF0ZW5lYS1QaG90b2dyYXBoeS1TZXNpb24tU21hc2gtUGFpbnQtMTEuanBnIiwic2xpZGVzaG93IjoiMWY2ZmI3MSJ9\">\n\t\t\t\t\t<div class=\"e-gallery-image elementor-gallery-item__image\" data-thumbnail=\"https:\/\/www.suenosdeatenea.com\/wp-content\/uploads\/2022\/08\/Suenos-de-Atenea-Photography-Sesion-Smash-Paint-11.jpg\" data-width=\"900\" data-height=\"601\" aria-label=\"Sue\u00f1os de Atenea Photography - Sessi\u00f3 Smash Paint\" role=\"img\" ><\/div>\n\t\t\t\t\t\t\t\t\t\t\t<div class=\"elementor-gallery-item__overlay\"><\/div>\n\t\t\t\t\t\t\t\t\t\t\t\t\t\t<\/a>\n\t\t\t\t\t\t\t<a class=\"e-gallery-item elementor-gallery-item elementor-animated-content\" href=\"https:\/\/www.suenosdeatenea.com\/wp-content\/uploads\/2022\/08\/Suenos-de-Atenea-Photography-Sesion-Smash-Paint-9.jpg\" data-elementor-open-lightbox=\"yes\" data-elementor-lightbox-slideshow=\"1f6fb71\" data-elementor-lightbox-title=\"Sue\u00f1os de Atenea Photography - Sessi\u00f3 Smash Paint\" data-e-action-hash=\"#elementor-action%3Aaction%3Dlightbox%26settings%3DeyJpZCI6NjI1MzcsInVybCI6Imh0dHBzOlwvXC93d3cuc3Vlbm9zZGVhdGVuZWEuY29tXC93cC1jb250ZW50XC91cGxvYWRzXC8yMDIyXC8wOFwvU3Vlbm9zLWRlLUF0ZW5lYS1QaG90b2dyYXBoeS1TZXNpb24tU21hc2gtUGFpbnQtOS5qcGciLCJzbGlkZXNob3ciOiIxZjZmYjcxIn0%3D\">\n\t\t\t\t\t<div class=\"e-gallery-image elementor-gallery-item__image\" data-thumbnail=\"https:\/\/www.suenosdeatenea.com\/wp-content\/uploads\/2022\/08\/Suenos-de-Atenea-Photography-Sesion-Smash-Paint-9.jpg\" data-width=\"900\" data-height=\"601\" aria-label=\"Sue\u00f1os de Atenea Photography - Sessi\u00f3 Smash Paint\" role=\"img\" ><\/div>\n\t\t\t\t\t\t\t\t\t\t\t<div class=\"elementor-gallery-item__overlay\"><\/div>\n\t\t\t\t\t\t\t\t\t\t\t\t\t\t<\/a>\n\t\t\t\t\t\t\t<a class=\"e-gallery-item elementor-gallery-item elementor-animated-content\" href=\"https:\/\/www.suenosdeatenea.com\/wp-content\/uploads\/2022\/08\/Suenos-de-Atenea-Photography-Sesion-Smash-Paint-1.jpg\" data-elementor-open-lightbox=\"yes\" data-elementor-lightbox-slideshow=\"1f6fb71\" data-elementor-lightbox-title=\"Sue\u00f1os de Atenea Photography - Sessi\u00f3 Smash Paint\" data-e-action-hash=\"#elementor-action%3Aaction%3Dlightbox%26settings%3DeyJpZCI6NjI1MjksInVybCI6Imh0dHBzOlwvXC93d3cuc3Vlbm9zZGVhdGVuZWEuY29tXC93cC1jb250ZW50XC91cGxvYWRzXC8yMDIyXC8wOFwvU3Vlbm9zLWRlLUF0ZW5lYS1QaG90b2dyYXBoeS1TZXNpb24tU21hc2gtUGFpbnQtMS5qcGciLCJzbGlkZXNob3ciOiIxZjZmYjcxIn0%3D\">\n\t\t\t\t\t<div class=\"e-gallery-image elementor-gallery-item__image\" data-thumbnail=\"https:\/\/www.suenosdeatenea.com\/wp-content\/uploads\/2022\/08\/Suenos-de-Atenea-Photography-Sesion-Smash-Paint-1.jpg\" data-width=\"900\" data-height=\"601\" aria-label=\"Sue\u00f1os de Atenea Photography - Sessi\u00f3 Smash Paint\" role=\"img\" ><\/div>\n\t\t\t\t\t\t\t\t\t\t\t<div class=\"elementor-gallery-item__overlay\"><\/div>\n\t\t\t\t\t\t\t\t\t\t\t\t\t\t<\/a>\n\t\t\t\t\t\t\t<a class=\"e-gallery-item elementor-gallery-item elementor-animated-content\" href=\"https:\/\/www.suenosdeatenea.com\/wp-content\/uploads\/2022\/08\/Suenos-de-Atenea-Photography-Sesion-Smash-Paint-8.jpg\" data-elementor-open-lightbox=\"yes\" data-elementor-lightbox-slideshow=\"1f6fb71\" data-elementor-lightbox-title=\"Sue\u00f1os de Atenea Photography - Sessi\u00f3 Smash Paint\" data-e-action-hash=\"#elementor-action%3Aaction%3Dlightbox%26settings%3DeyJpZCI6NjI1MzYsInVybCI6Imh0dHBzOlwvXC93d3cuc3Vlbm9zZGVhdGVuZWEuY29tXC93cC1jb250ZW50XC91cGxvYWRzXC8yMDIyXC8wOFwvU3Vlbm9zLWRlLUF0ZW5lYS1QaG90b2dyYXBoeS1TZXNpb24tU21hc2gtUGFpbnQtOC5qcGciLCJzbGlkZXNob3ciOiIxZjZmYjcxIn0%3D\">\n\t\t\t\t\t<div class=\"e-gallery-image elementor-gallery-item__image\" data-thumbnail=\"https:\/\/www.suenosdeatenea.com\/wp-content\/uploads\/2022\/08\/Suenos-de-Atenea-Photography-Sesion-Smash-Paint-8.jpg\" data-width=\"900\" data-height=\"601\" aria-label=\"Sue\u00f1os de Atenea Photography - Sessi\u00f3 Smash Paint\" role=\"img\" ><\/div>\n\t\t\t\t\t\t\t\t\t\t\t<div class=\"elementor-gallery-item__overlay\"><\/div>\n\t\t\t\t\t\t\t\t\t\t\t\t\t\t<\/a>\n\t\t\t\t\t<\/div>\n\t\t\t\t\t<\/div>\n\t\t\t\t<\/div>\n\t\t\t\t\t<\/div>\n\t\t<\/div>\n\t\t\t\t\t<\/div>\n\t\t<\/section>\n\t\t\t\t<\/div>\n\t\t","protected":false},"excerpt":{"rendered":"<p>Els m\u00e9s petits ho passaran en granamb les nostres sessions Smash Paint! Recomanades a partir de 2 anys, busquen captar la seva naturalitat i espontane\u00eftat deixant sortir la seva creativitat. Una sessi\u00f3 a un espai diferent i especial, L&#8217;Estudi d&#8217;Art El teu petit\/a pintar\u00e0 un llen\u00e7 amb pintures especials comestibles. Es tornar\u00e0 boig, es tacar\u00e0<br \/><a class=\"moretag\" href=\"https:\/\/www.suenosdeatenea.com\/ca\/smash-paint\/\">+ Read More<\/a><\/p>\n","protected":false},"author":112,"featured_media":0,"parent":0,"menu_order":0,"comment_status":"closed","ping_status":"closed","template":"","meta":{"_acf_changed":false,"footnotes":""},"class_list":["post-62464","page","type-page","status-publish","hentry"],"acf":[],"_links":{"self":[{"href":"https:\/\/www.suenosdeatenea.com\/ca\/wp-json\/wp\/v2\/pages\/62464","targetHints":{"allow":["GET"]}}],"collection":[{"href":"https:\/\/www.suenosdeatenea.com\/ca\/wp-json\/wp\/v2\/pages"}],"about":[{"href":"https:\/\/www.suenosdeatenea.com\/ca\/wp-json\/wp\/v2\/types\/page"}],"author":[{"embeddable":true,"href":"https:\/\/www.suenosdeatenea.com\/ca\/wp-json\/wp\/v2\/users\/112"}],"replies":[{"embeddable":true,"href":"https:\/\/www.suenosdeatenea.com\/ca\/wp-json\/wp\/v2\/comments?post=62464"}],"version-history":[{"count":0,"href":"https:\/\/www.suenosdeatenea.com\/ca\/wp-json\/wp\/v2\/pages\/62464\/revisions"}],"wp:attachment":[{"href":"https:\/\/www.suenosdeatenea.com\/ca\/wp-json\/wp\/v2\/media?parent=62464"}],"curies":[{"name":"wp","href":"https:\/\/api.w.org\/{rel}","templated":true}]}}