{"id":62439,"date":"2022-08-03T11:54:42","date_gmt":"2022-08-03T09:54:42","guid":{"rendered":"https:\/\/www.suenosdeatenea.com\/?page_id=62439"},"modified":"2022-08-08T17:20:26","modified_gmt":"2022-08-08T15:20:26","slug":"smash-cake","status":"publish","type":"page","link":"https:\/\/www.suenosdeatenea.com\/ca\/smash-cake\/","title":{"rendered":"Smash Cake"},"content":{"rendered":"\t\t<div data-elementor-type=\"wp-page\" data-elementor-id=\"62439\" class=\"elementor elementor-62439\" data-elementor-post-type=\"page\">\n\t\t\t\t\t\t<section class=\"elementor-section elementor-top-section elementor-element elementor-element-e944964 elementor-section-full_width elementor-section-height-default elementor-section-height-default\" data-id=\"e944964\" data-element_type=\"section\" data-e-type=\"section\">\n\t\t\t\t\t\t<div class=\"elementor-container elementor-column-gap-no\">\n\t\t\t\t\t<div class=\"elementor-column elementor-col-100 elementor-top-column elementor-element elementor-element-594e533\" data-id=\"594e533\" data-element_type=\"column\" data-e-type=\"column\">\n\t\t\t<div class=\"elementor-widget-wrap elementor-element-populated\">\n\t\t\t\t\t\t<div class=\"elementor-element elementor-element-41b5af1 elementor-widget elementor-widget-heading\" data-id=\"41b5af1\" data-element_type=\"widget\" data-e-type=\"widget\" data-widget_type=\"heading.default\">\n\t\t\t\t<div class=\"elementor-widget-container\">\n\t\t\t\t\t<h2 class=\"elementor-heading-title elementor-size-default\">Smash Cake \u00e9s el millor record del seu aniversari!<\/h2>\t\t\t\t<\/div>\n\t\t\t\t<\/div>\n\t\t\t\t<div class=\"elementor-element elementor-element-ab51922 elementor-widget elementor-widget-text-editor\" data-id=\"ab51922\" data-element_type=\"widget\" data-e-type=\"widget\" data-widget_type=\"text-editor.default\">\n\t\t\t\t<div class=\"elementor-widget-container\">\n\t\t\t\t\t\t\t\t\t<p>Asseiem al teu petit prop del seu acolorit past\u00eds i\u2026 deixem que la m\u00e0gia flueixi!<\/p><p>Mentre tot aix\u00f2 passa, nosaltres aprofitem per a fer fotos sense interrompre el que va succeint de manera espont\u00e0nia.<\/p><p><strong>Smash Cake<\/strong>, destrossa el past\u00eds, perqu\u00e8 aquest \u00e9s l\u2019objectiu de la sessi\u00f3 de fotos: aconseguir un record s\u00faper divertit i una manera original de celebrar <strong>el seu primer aniversari<\/strong>.<\/p><p>Improvisaci\u00f3, diversi\u00f3, riures, experimentaci\u00f3: tot t\u00e9 cabuda en les nostres sessions <strong>Smash Cake<\/strong>.<\/p><p>Vine a passar una bona estona i gaudir veient com el teu nen experimenta amb els colors, les textures i ho posa tot perdut amb el seu preci\u00f3s past\u00eds!<\/p>\t\t\t\t\t\t\t\t<\/div>\n\t\t\t\t<\/div>\n\t\t\t\t<div class=\"elementor-element elementor-element-7c263d5 elementor-widget elementor-widget-gallery\" data-id=\"7c263d5\" data-element_type=\"widget\" data-e-type=\"widget\" data-settings=\"{&quot;columns&quot;:3,&quot;gap&quot;:{&quot;unit&quot;:&quot;px&quot;,&quot;size&quot;:4,&quot;sizes&quot;:[]},&quot;gap_tablet&quot;:{&quot;unit&quot;:&quot;px&quot;,&quot;size&quot;:3,&quot;sizes&quot;:[]},&quot;gap_mobile&quot;:{&quot;unit&quot;:&quot;px&quot;,&quot;size&quot;:4,&quot;sizes&quot;:[]},&quot;lazyload&quot;:&quot;yes&quot;,&quot;gallery_layout&quot;:&quot;grid&quot;,&quot;columns_tablet&quot;:2,&quot;columns_mobile&quot;:1,&quot;link_to&quot;:&quot;file&quot;,&quot;aspect_ratio&quot;:&quot;3:2&quot;,&quot;overlay_background&quot;:&quot;yes&quot;,&quot;content_hover_animation&quot;:&quot;fade-in&quot;}\" data-widget_type=\"gallery.default\">\n\t\t\t\t<div class=\"elementor-widget-container\">\n\t\t\t\t\t\t\t<div class=\"elementor-gallery__container\">\n\t\t\t\t\t\t\t<a class=\"e-gallery-item elementor-gallery-item elementor-animated-content\" href=\"https:\/\/www.suenosdeatenea.com\/wp-content\/uploads\/2022\/08\/Suenos-de-Atenea-Fotografia-Samsh-Cake-13.jpg\" data-elementor-open-lightbox=\"yes\" data-elementor-lightbox-slideshow=\"7c263d5\" data-elementor-lightbox-title=\"Sue\u00f1os de Atenea Photography - Sessi\u00f3 Smash Cake\" data-e-action-hash=\"#elementor-action%3Aaction%3Dlightbox%26settings%3DeyJpZCI6NjI2MTIsInVybCI6Imh0dHBzOlwvXC93d3cuc3Vlbm9zZGVhdGVuZWEuY29tXC93cC1jb250ZW50XC91cGxvYWRzXC8yMDIyXC8wOFwvU3Vlbm9zLWRlLUF0ZW5lYS1Gb3RvZ3JhZmlhLVNhbXNoLUNha2UtMTMuanBnIiwic2xpZGVzaG93IjoiN2MyNjNkNSJ9\">\n\t\t\t\t\t<div class=\"e-gallery-image elementor-gallery-item__image\" data-thumbnail=\"https:\/\/www.suenosdeatenea.com\/wp-content\/uploads\/2022\/08\/Suenos-de-Atenea-Fotografia-Samsh-Cake-13.jpg\" data-width=\"900\" data-height=\"601\" aria-label=\"Sue\u00f1os de Atenea Photography - Sessi\u00f3 Smash Cake\" role=\"img\" ><\/div>\n\t\t\t\t\t\t\t\t\t\t\t<div class=\"elementor-gallery-item__overlay\"><\/div>\n\t\t\t\t\t\t\t\t\t\t\t\t\t\t<\/a>\n\t\t\t\t\t\t\t<a class=\"e-gallery-item elementor-gallery-item elementor-animated-content\" href=\"https:\/\/www.suenosdeatenea.com\/wp-content\/uploads\/2022\/08\/Suenos-de-Atenea-Fotografia-Samsh-Cake-5.jpg\" data-elementor-open-lightbox=\"yes\" data-elementor-lightbox-slideshow=\"7c263d5\" data-elementor-lightbox-title=\"Sue\u00f1os de Atenea Photography - Sessi\u00f3 Smash Cake\" data-e-action-hash=\"#elementor-action%3Aaction%3Dlightbox%26settings%3DeyJpZCI6NjI2MDQsInVybCI6Imh0dHBzOlwvXC93d3cuc3Vlbm9zZGVhdGVuZWEuY29tXC93cC1jb250ZW50XC91cGxvYWRzXC8yMDIyXC8wOFwvU3Vlbm9zLWRlLUF0ZW5lYS1Gb3RvZ3JhZmlhLVNhbXNoLUNha2UtNS5qcGciLCJzbGlkZXNob3ciOiI3YzI2M2Q1In0%3D\">\n\t\t\t\t\t<div class=\"e-gallery-image elementor-gallery-item__image\" data-thumbnail=\"https:\/\/www.suenosdeatenea.com\/wp-content\/uploads\/2022\/08\/Suenos-de-Atenea-Fotografia-Samsh-Cake-5.jpg\" data-width=\"900\" data-height=\"601\" aria-label=\"Sue\u00f1os de Atenea Photography - Sessi\u00f3 Smash Cake\" role=\"img\" ><\/div>\n\t\t\t\t\t\t\t\t\t\t\t<div class=\"elementor-gallery-item__overlay\"><\/div>\n\t\t\t\t\t\t\t\t\t\t\t\t\t\t<\/a>\n\t\t\t\t\t\t\t<a class=\"e-gallery-item elementor-gallery-item elementor-animated-content\" href=\"https:\/\/www.suenosdeatenea.com\/wp-content\/uploads\/2022\/08\/Suenos-de-Atenea-Fotografia-Samsh-Cake-12.jpg\" data-elementor-open-lightbox=\"yes\" data-elementor-lightbox-slideshow=\"7c263d5\" data-elementor-lightbox-title=\"Sue\u00f1os de Atenea Photography - Sessi\u00f3 Smash Cake\" data-e-action-hash=\"#elementor-action%3Aaction%3Dlightbox%26settings%3DeyJpZCI6NjI2MTEsInVybCI6Imh0dHBzOlwvXC93d3cuc3Vlbm9zZGVhdGVuZWEuY29tXC93cC1jb250ZW50XC91cGxvYWRzXC8yMDIyXC8wOFwvU3Vlbm9zLWRlLUF0ZW5lYS1Gb3RvZ3JhZmlhLVNhbXNoLUNha2UtMTIuanBnIiwic2xpZGVzaG93IjoiN2MyNjNkNSJ9\">\n\t\t\t\t\t<div class=\"e-gallery-image elementor-gallery-item__image\" data-thumbnail=\"https:\/\/www.suenosdeatenea.com\/wp-content\/uploads\/2022\/08\/Suenos-de-Atenea-Fotografia-Samsh-Cake-12.jpg\" data-width=\"900\" data-height=\"601\" aria-label=\"Sue\u00f1os de Atenea Photography - Sessi\u00f3 Smash Cake\" role=\"img\" ><\/div>\n\t\t\t\t\t\t\t\t\t\t\t<div class=\"elementor-gallery-item__overlay\"><\/div>\n\t\t\t\t\t\t\t\t\t\t\t\t\t\t<\/a>\n\t\t\t\t\t\t\t<a class=\"e-gallery-item elementor-gallery-item elementor-animated-content\" href=\"https:\/\/www.suenosdeatenea.com\/wp-content\/uploads\/2022\/08\/Suenos-de-Atenea-Fotografia-Samsh-Cake-8.jpg\" data-elementor-open-lightbox=\"yes\" data-elementor-lightbox-slideshow=\"7c263d5\" data-elementor-lightbox-title=\"Sue\u00f1os de Atenea Photography - Sessi\u00f3 Smash Cake\" data-e-action-hash=\"#elementor-action%3Aaction%3Dlightbox%26settings%3DeyJpZCI6NjI2MDcsInVybCI6Imh0dHBzOlwvXC93d3cuc3Vlbm9zZGVhdGVuZWEuY29tXC93cC1jb250ZW50XC91cGxvYWRzXC8yMDIyXC8wOFwvU3Vlbm9zLWRlLUF0ZW5lYS1Gb3RvZ3JhZmlhLVNhbXNoLUNha2UtOC5qcGciLCJzbGlkZXNob3ciOiI3YzI2M2Q1In0%3D\">\n\t\t\t\t\t<div class=\"e-gallery-image elementor-gallery-item__image\" data-thumbnail=\"https:\/\/www.suenosdeatenea.com\/wp-content\/uploads\/2022\/08\/Suenos-de-Atenea-Fotografia-Samsh-Cake-8.jpg\" data-width=\"900\" data-height=\"601\" aria-label=\"Sue\u00f1os de Atenea Photography - Sessi\u00f3 Smash Cake\" role=\"img\" ><\/div>\n\t\t\t\t\t\t\t\t\t\t\t<div class=\"elementor-gallery-item__overlay\"><\/div>\n\t\t\t\t\t\t\t\t\t\t\t\t\t\t<\/a>\n\t\t\t\t\t\t\t<a class=\"e-gallery-item elementor-gallery-item elementor-animated-content\" href=\"https:\/\/www.suenosdeatenea.com\/wp-content\/uploads\/2022\/08\/Suenos-de-Atenea-Fotografia-Samsh-Cake-1.jpg\" data-elementor-open-lightbox=\"yes\" data-elementor-lightbox-slideshow=\"7c263d5\" data-elementor-lightbox-title=\"Sue\u00f1os de Atenea Photography - Sessi\u00f3 Smash Cake\" data-e-action-hash=\"#elementor-action%3Aaction%3Dlightbox%26settings%3DeyJpZCI6NjI2MDAsInVybCI6Imh0dHBzOlwvXC93d3cuc3Vlbm9zZGVhdGVuZWEuY29tXC93cC1jb250ZW50XC91cGxvYWRzXC8yMDIyXC8wOFwvU3Vlbm9zLWRlLUF0ZW5lYS1Gb3RvZ3JhZmlhLVNhbXNoLUNha2UtMS5qcGciLCJzbGlkZXNob3ciOiI3YzI2M2Q1In0%3D\">\n\t\t\t\t\t<div class=\"e-gallery-image elementor-gallery-item__image\" data-thumbnail=\"https:\/\/www.suenosdeatenea.com\/wp-content\/uploads\/2022\/08\/Suenos-de-Atenea-Fotografia-Samsh-Cake-1.jpg\" data-width=\"900\" data-height=\"601\" aria-label=\"Sue\u00f1os de Atenea Photography - Sessi\u00f3 Smash Cake\" role=\"img\" ><\/div>\n\t\t\t\t\t\t\t\t\t\t\t<div class=\"elementor-gallery-item__overlay\"><\/div>\n\t\t\t\t\t\t\t\t\t\t\t\t\t\t<\/a>\n\t\t\t\t\t\t\t<a class=\"e-gallery-item elementor-gallery-item elementor-animated-content\" href=\"https:\/\/www.suenosdeatenea.com\/wp-content\/uploads\/2022\/08\/Suenos-de-Atenea-Fotografia-Samsh-Cake-2.jpg\" data-elementor-open-lightbox=\"yes\" data-elementor-lightbox-slideshow=\"7c263d5\" data-elementor-lightbox-title=\"Sue\u00f1os de Atenea Photography - Sessi\u00f3 Smash Cake\" data-e-action-hash=\"#elementor-action%3Aaction%3Dlightbox%26settings%3DeyJpZCI6NjI2MDEsInVybCI6Imh0dHBzOlwvXC93d3cuc3Vlbm9zZGVhdGVuZWEuY29tXC93cC1jb250ZW50XC91cGxvYWRzXC8yMDIyXC8wOFwvU3Vlbm9zLWRlLUF0ZW5lYS1Gb3RvZ3JhZmlhLVNhbXNoLUNha2UtMi5qcGciLCJzbGlkZXNob3ciOiI3YzI2M2Q1In0%3D\">\n\t\t\t\t\t<div class=\"e-gallery-image elementor-gallery-item__image\" data-thumbnail=\"https:\/\/www.suenosdeatenea.com\/wp-content\/uploads\/2022\/08\/Suenos-de-Atenea-Fotografia-Samsh-Cake-2.jpg\" data-width=\"900\" data-height=\"601\" aria-label=\"Sue\u00f1os de Atenea Photography - Sessi\u00f3 Smash Cake\" role=\"img\" ><\/div>\n\t\t\t\t\t\t\t\t\t\t\t<div class=\"elementor-gallery-item__overlay\"><\/div>\n\t\t\t\t\t\t\t\t\t\t\t\t\t\t<\/a>\n\t\t\t\t\t\t\t<a class=\"e-gallery-item elementor-gallery-item elementor-animated-content\" href=\"https:\/\/www.suenosdeatenea.com\/wp-content\/uploads\/2022\/08\/Suenos-de-Atenea-Fotografia-Samsh-Cake-17.jpg\" data-elementor-open-lightbox=\"yes\" data-elementor-lightbox-slideshow=\"7c263d5\" data-elementor-lightbox-title=\"Sue\u00f1os de Atenea Photography - Sessi\u00f3 Smash Cake\" data-e-action-hash=\"#elementor-action%3Aaction%3Dlightbox%26settings%3DeyJpZCI6NjI2MTYsInVybCI6Imh0dHBzOlwvXC93d3cuc3Vlbm9zZGVhdGVuZWEuY29tXC93cC1jb250ZW50XC91cGxvYWRzXC8yMDIyXC8wOFwvU3Vlbm9zLWRlLUF0ZW5lYS1Gb3RvZ3JhZmlhLVNhbXNoLUNha2UtMTcuanBnIiwic2xpZGVzaG93IjoiN2MyNjNkNSJ9\">\n\t\t\t\t\t<div class=\"e-gallery-image elementor-gallery-item__image\" data-thumbnail=\"https:\/\/www.suenosdeatenea.com\/wp-content\/uploads\/2022\/08\/Suenos-de-Atenea-Fotografia-Samsh-Cake-17.jpg\" data-width=\"900\" data-height=\"601\" aria-label=\"Sue\u00f1os de Atenea Photography - Sessi\u00f3 Smash Cake\" role=\"img\" ><\/div>\n\t\t\t\t\t\t\t\t\t\t\t<div class=\"elementor-gallery-item__overlay\"><\/div>\n\t\t\t\t\t\t\t\t\t\t\t\t\t\t<\/a>\n\t\t\t\t\t\t\t<a class=\"e-gallery-item elementor-gallery-item elementor-animated-content\" href=\"https:\/\/www.suenosdeatenea.com\/wp-content\/uploads\/2022\/08\/Suenos-de-Atenea-Fotografia-Samsh-Cake-16.jpg\" data-elementor-open-lightbox=\"yes\" data-elementor-lightbox-slideshow=\"7c263d5\" data-elementor-lightbox-title=\"Sue\u00f1os de Atenea Photography - Sessi\u00f3 Smash Cake\" data-e-action-hash=\"#elementor-action%3Aaction%3Dlightbox%26settings%3DeyJpZCI6NjI2MTUsInVybCI6Imh0dHBzOlwvXC93d3cuc3Vlbm9zZGVhdGVuZWEuY29tXC93cC1jb250ZW50XC91cGxvYWRzXC8yMDIyXC8wOFwvU3Vlbm9zLWRlLUF0ZW5lYS1Gb3RvZ3JhZmlhLVNhbXNoLUNha2UtMTYuanBnIiwic2xpZGVzaG93IjoiN2MyNjNkNSJ9\">\n\t\t\t\t\t<div class=\"e-gallery-image elementor-gallery-item__image\" data-thumbnail=\"https:\/\/www.suenosdeatenea.com\/wp-content\/uploads\/2022\/08\/Suenos-de-Atenea-Fotografia-Samsh-Cake-16.jpg\" data-width=\"900\" data-height=\"601\" aria-label=\"Sue\u00f1os de Atenea Photography - Sessi\u00f3 Smash Cake\" role=\"img\" ><\/div>\n\t\t\t\t\t\t\t\t\t\t\t<div class=\"elementor-gallery-item__overlay\"><\/div>\n\t\t\t\t\t\t\t\t\t\t\t\t\t\t<\/a>\n\t\t\t\t\t\t\t<a class=\"e-gallery-item elementor-gallery-item elementor-animated-content\" href=\"https:\/\/www.suenosdeatenea.com\/wp-content\/uploads\/2022\/08\/Suenos-de-Atenea-Fotografia-Samsh-Cake-15.jpg\" data-elementor-open-lightbox=\"yes\" data-elementor-lightbox-slideshow=\"7c263d5\" data-elementor-lightbox-title=\"Sue\u00f1os de Atenea Photography - Sessi\u00f3 Smash Cake\" data-e-action-hash=\"#elementor-action%3Aaction%3Dlightbox%26settings%3DeyJpZCI6NjI2MTQsInVybCI6Imh0dHBzOlwvXC93d3cuc3Vlbm9zZGVhdGVuZWEuY29tXC93cC1jb250ZW50XC91cGxvYWRzXC8yMDIyXC8wOFwvU3Vlbm9zLWRlLUF0ZW5lYS1Gb3RvZ3JhZmlhLVNhbXNoLUNha2UtMTUuanBnIiwic2xpZGVzaG93IjoiN2MyNjNkNSJ9\">\n\t\t\t\t\t<div class=\"e-gallery-image elementor-gallery-item__image\" data-thumbnail=\"https:\/\/www.suenosdeatenea.com\/wp-content\/uploads\/2022\/08\/Suenos-de-Atenea-Fotografia-Samsh-Cake-15.jpg\" data-width=\"900\" data-height=\"601\" aria-label=\"Sue\u00f1os de Atenea Photography - Sessi\u00f3 Smash Cake\" role=\"img\" ><\/div>\n\t\t\t\t\t\t\t\t\t\t\t<div class=\"elementor-gallery-item__overlay\"><\/div>\n\t\t\t\t\t\t\t\t\t\t\t\t\t\t<\/a>\n\t\t\t\t\t\t\t<a class=\"e-gallery-item elementor-gallery-item elementor-animated-content\" href=\"https:\/\/www.suenosdeatenea.com\/wp-content\/uploads\/2022\/08\/Suenos-de-Atenea-Fotografia-Samsh-Cake-14.jpg\" data-elementor-open-lightbox=\"yes\" data-elementor-lightbox-slideshow=\"7c263d5\" data-elementor-lightbox-title=\"Sue\u00f1os de Atenea Photography - Sessi\u00f3 Smash Cake\" data-e-action-hash=\"#elementor-action%3Aaction%3Dlightbox%26settings%3DeyJpZCI6NjI2MTMsInVybCI6Imh0dHBzOlwvXC93d3cuc3Vlbm9zZGVhdGVuZWEuY29tXC93cC1jb250ZW50XC91cGxvYWRzXC8yMDIyXC8wOFwvU3Vlbm9zLWRlLUF0ZW5lYS1Gb3RvZ3JhZmlhLVNhbXNoLUNha2UtMTQuanBnIiwic2xpZGVzaG93IjoiN2MyNjNkNSJ9\">\n\t\t\t\t\t<div class=\"e-gallery-image elementor-gallery-item__image\" data-thumbnail=\"https:\/\/www.suenosdeatenea.com\/wp-content\/uploads\/2022\/08\/Suenos-de-Atenea-Fotografia-Samsh-Cake-14.jpg\" data-width=\"900\" data-height=\"601\" aria-label=\"Sue\u00f1os de Atenea Photography - Sessi\u00f3 Smash Cake\" role=\"img\" ><\/div>\n\t\t\t\t\t\t\t\t\t\t\t<div class=\"elementor-gallery-item__overlay\"><\/div>\n\t\t\t\t\t\t\t\t\t\t\t\t\t\t<\/a>\n\t\t\t\t\t\t\t<a class=\"e-gallery-item elementor-gallery-item elementor-animated-content\" href=\"https:\/\/www.suenosdeatenea.com\/wp-content\/uploads\/2022\/08\/Suenos-de-Atenea-Fotografia-Samsh-Cake-9.jpg\" data-elementor-open-lightbox=\"yes\" data-elementor-lightbox-slideshow=\"7c263d5\" data-elementor-lightbox-title=\"Sue\u00f1os de Atenea Photography - Sessi\u00f3 Smash Cake\" data-e-action-hash=\"#elementor-action%3Aaction%3Dlightbox%26settings%3DeyJpZCI6NjI2MDgsInVybCI6Imh0dHBzOlwvXC93d3cuc3Vlbm9zZGVhdGVuZWEuY29tXC93cC1jb250ZW50XC91cGxvYWRzXC8yMDIyXC8wOFwvU3Vlbm9zLWRlLUF0ZW5lYS1Gb3RvZ3JhZmlhLVNhbXNoLUNha2UtOS5qcGciLCJzbGlkZXNob3ciOiI3YzI2M2Q1In0%3D\">\n\t\t\t\t\t<div class=\"e-gallery-image elementor-gallery-item__image\" data-thumbnail=\"https:\/\/www.suenosdeatenea.com\/wp-content\/uploads\/2022\/08\/Suenos-de-Atenea-Fotografia-Samsh-Cake-9.jpg\" data-width=\"900\" data-height=\"601\" aria-label=\"Sue\u00f1os de Atenea Photography - Sessi\u00f3 Smash Cake\" role=\"img\" ><\/div>\n\t\t\t\t\t\t\t\t\t\t\t<div class=\"elementor-gallery-item__overlay\"><\/div>\n\t\t\t\t\t\t\t\t\t\t\t\t\t\t<\/a>\n\t\t\t\t\t\t\t<a class=\"e-gallery-item elementor-gallery-item elementor-animated-content\" href=\"https:\/\/www.suenosdeatenea.com\/wp-content\/uploads\/2022\/08\/Suenos-de-Atenea-Fotografia-Samsh-Cake-7.jpg\" data-elementor-open-lightbox=\"yes\" data-elementor-lightbox-slideshow=\"7c263d5\" data-elementor-lightbox-title=\"Sue\u00f1os de Atenea Photography - Sessi\u00f3 Smash Cake\" data-e-action-hash=\"#elementor-action%3Aaction%3Dlightbox%26settings%3DeyJpZCI6NjI2MDYsInVybCI6Imh0dHBzOlwvXC93d3cuc3Vlbm9zZGVhdGVuZWEuY29tXC93cC1jb250ZW50XC91cGxvYWRzXC8yMDIyXC8wOFwvU3Vlbm9zLWRlLUF0ZW5lYS1Gb3RvZ3JhZmlhLVNhbXNoLUNha2UtNy5qcGciLCJzbGlkZXNob3ciOiI3YzI2M2Q1In0%3D\">\n\t\t\t\t\t<div class=\"e-gallery-image elementor-gallery-item__image\" data-thumbnail=\"https:\/\/www.suenosdeatenea.com\/wp-content\/uploads\/2022\/08\/Suenos-de-Atenea-Fotografia-Samsh-Cake-7.jpg\" data-width=\"900\" data-height=\"601\" aria-label=\"Sue\u00f1os de Atenea Photography - Sessi\u00f3 Smash Cake\" role=\"img\" ><\/div>\n\t\t\t\t\t\t\t\t\t\t\t<div class=\"elementor-gallery-item__overlay\"><\/div>\n\t\t\t\t\t\t\t\t\t\t\t\t\t\t<\/a>\n\t\t\t\t\t\t\t<a class=\"e-gallery-item elementor-gallery-item elementor-animated-content\" href=\"https:\/\/www.suenosdeatenea.com\/wp-content\/uploads\/2022\/08\/Suenos-de-Atenea-Fotografia-Samsh-Cake-4.jpg\" data-elementor-open-lightbox=\"yes\" data-elementor-lightbox-slideshow=\"7c263d5\" data-elementor-lightbox-title=\"Sue\u00f1os de Atenea Photography - Sessi\u00f3 Smash Cake\" data-e-action-hash=\"#elementor-action%3Aaction%3Dlightbox%26settings%3DeyJpZCI6NjI2MDMsInVybCI6Imh0dHBzOlwvXC93d3cuc3Vlbm9zZGVhdGVuZWEuY29tXC93cC1jb250ZW50XC91cGxvYWRzXC8yMDIyXC8wOFwvU3Vlbm9zLWRlLUF0ZW5lYS1Gb3RvZ3JhZmlhLVNhbXNoLUNha2UtNC5qcGciLCJzbGlkZXNob3ciOiI3YzI2M2Q1In0%3D\">\n\t\t\t\t\t<div class=\"e-gallery-image elementor-gallery-item__image\" data-thumbnail=\"https:\/\/www.suenosdeatenea.com\/wp-content\/uploads\/2022\/08\/Suenos-de-Atenea-Fotografia-Samsh-Cake-4.jpg\" data-width=\"900\" data-height=\"601\" aria-label=\"Sue\u00f1os de Atenea Photography - Sessi\u00f3 Smash Cake\" role=\"img\" ><\/div>\n\t\t\t\t\t\t\t\t\t\t\t<div class=\"elementor-gallery-item__overlay\"><\/div>\n\t\t\t\t\t\t\t\t\t\t\t\t\t\t<\/a>\n\t\t\t\t\t\t\t<a class=\"e-gallery-item elementor-gallery-item elementor-animated-content\" href=\"https:\/\/www.suenosdeatenea.com\/wp-content\/uploads\/2022\/08\/Suenos-de-Atenea-Fotografia-Samsh-Cake-18.jpg\" data-elementor-open-lightbox=\"yes\" data-elementor-lightbox-slideshow=\"7c263d5\" data-elementor-lightbox-title=\"Sue\u00f1os de Atenea Photography - Sessi\u00f3 Smash Cake\" data-e-action-hash=\"#elementor-action%3Aaction%3Dlightbox%26settings%3DeyJpZCI6NjI2MTcsInVybCI6Imh0dHBzOlwvXC93d3cuc3Vlbm9zZGVhdGVuZWEuY29tXC93cC1jb250ZW50XC91cGxvYWRzXC8yMDIyXC8wOFwvU3Vlbm9zLWRlLUF0ZW5lYS1Gb3RvZ3JhZmlhLVNhbXNoLUNha2UtMTguanBnIiwic2xpZGVzaG93IjoiN2MyNjNkNSJ9\">\n\t\t\t\t\t<div class=\"e-gallery-image elementor-gallery-item__image\" data-thumbnail=\"https:\/\/www.suenosdeatenea.com\/wp-content\/uploads\/2022\/08\/Suenos-de-Atenea-Fotografia-Samsh-Cake-18.jpg\" data-width=\"900\" data-height=\"601\" aria-label=\"Sue\u00f1os de Atenea Photography - Sessi\u00f3 Smash Cake\" role=\"img\" ><\/div>\n\t\t\t\t\t\t\t\t\t\t\t<div class=\"elementor-gallery-item__overlay\"><\/div>\n\t\t\t\t\t\t\t\t\t\t\t\t\t\t<\/a>\n\t\t\t\t\t\t\t<a class=\"e-gallery-item elementor-gallery-item elementor-animated-content\" href=\"https:\/\/www.suenosdeatenea.com\/wp-content\/uploads\/2022\/08\/Suenos-de-Atenea-Fotografia-Samsh-Cake-6.jpg\" data-elementor-open-lightbox=\"yes\" data-elementor-lightbox-slideshow=\"7c263d5\" data-elementor-lightbox-title=\"Sue\u00f1os de Atenea Photography - Sessi\u00f3 Smash Cake\" data-e-action-hash=\"#elementor-action%3Aaction%3Dlightbox%26settings%3DeyJpZCI6NjI2MDUsInVybCI6Imh0dHBzOlwvXC93d3cuc3Vlbm9zZGVhdGVuZWEuY29tXC93cC1jb250ZW50XC91cGxvYWRzXC8yMDIyXC8wOFwvU3Vlbm9zLWRlLUF0ZW5lYS1Gb3RvZ3JhZmlhLVNhbXNoLUNha2UtNi5qcGciLCJzbGlkZXNob3ciOiI3YzI2M2Q1In0%3D\">\n\t\t\t\t\t<div class=\"e-gallery-image elementor-gallery-item__image\" data-thumbnail=\"https:\/\/www.suenosdeatenea.com\/wp-content\/uploads\/2022\/08\/Suenos-de-Atenea-Fotografia-Samsh-Cake-6.jpg\" data-width=\"900\" data-height=\"601\" aria-label=\"Sue\u00f1os de Atenea Photography - Sessi\u00f3 Smash Cake\" role=\"img\" ><\/div>\n\t\t\t\t\t\t\t\t\t\t\t<div class=\"elementor-gallery-item__overlay\"><\/div>\n\t\t\t\t\t\t\t\t\t\t\t\t\t\t<\/a>\n\t\t\t\t\t\t\t<a class=\"e-gallery-item elementor-gallery-item elementor-animated-content\" href=\"https:\/\/www.suenosdeatenea.com\/wp-content\/uploads\/2022\/08\/Suenos-de-Atenea-Fotografia-Samsh-Cake-10.jpg\" data-elementor-open-lightbox=\"yes\" data-elementor-lightbox-slideshow=\"7c263d5\" data-elementor-lightbox-title=\"Sue\u00f1os de Atenea Photography - Sessi\u00f3 Smash Cake\" data-e-action-hash=\"#elementor-action%3Aaction%3Dlightbox%26settings%3DeyJpZCI6NjI2MDksInVybCI6Imh0dHBzOlwvXC93d3cuc3Vlbm9zZGVhdGVuZWEuY29tXC93cC1jb250ZW50XC91cGxvYWRzXC8yMDIyXC8wOFwvU3Vlbm9zLWRlLUF0ZW5lYS1Gb3RvZ3JhZmlhLVNhbXNoLUNha2UtMTAuanBnIiwic2xpZGVzaG93IjoiN2MyNjNkNSJ9\">\n\t\t\t\t\t<div class=\"e-gallery-image elementor-gallery-item__image\" data-thumbnail=\"https:\/\/www.suenosdeatenea.com\/wp-content\/uploads\/2022\/08\/Suenos-de-Atenea-Fotografia-Samsh-Cake-10.jpg\" data-width=\"900\" data-height=\"601\" aria-label=\"Sue\u00f1os de Atenea Photography - Sessi\u00f3 Smash Cake\" role=\"img\" ><\/div>\n\t\t\t\t\t\t\t\t\t\t\t<div class=\"elementor-gallery-item__overlay\"><\/div>\n\t\t\t\t\t\t\t\t\t\t\t\t\t\t<\/a>\n\t\t\t\t\t\t\t<a class=\"e-gallery-item elementor-gallery-item elementor-animated-content\" href=\"https:\/\/www.suenosdeatenea.com\/wp-content\/uploads\/2022\/08\/Suenos-de-Atenea-Fotografia-Samsh-Cake-3.jpg\" data-elementor-open-lightbox=\"yes\" data-elementor-lightbox-slideshow=\"7c263d5\" data-elementor-lightbox-title=\"Sue\u00f1os de Atenea Photography - Sessi\u00f3 Smash Cake\" data-e-action-hash=\"#elementor-action%3Aaction%3Dlightbox%26settings%3DeyJpZCI6NjI2MDIsInVybCI6Imh0dHBzOlwvXC93d3cuc3Vlbm9zZGVhdGVuZWEuY29tXC93cC1jb250ZW50XC91cGxvYWRzXC8yMDIyXC8wOFwvU3Vlbm9zLWRlLUF0ZW5lYS1Gb3RvZ3JhZmlhLVNhbXNoLUNha2UtMy5qcGciLCJzbGlkZXNob3ciOiI3YzI2M2Q1In0%3D\">\n\t\t\t\t\t<div class=\"e-gallery-image elementor-gallery-item__image\" data-thumbnail=\"https:\/\/www.suenosdeatenea.com\/wp-content\/uploads\/2022\/08\/Suenos-de-Atenea-Fotografia-Samsh-Cake-3.jpg\" data-width=\"900\" data-height=\"601\" aria-label=\"Sue\u00f1os de Atenea Photography - Sessi\u00f3 Smash Cake\" role=\"img\" ><\/div>\n\t\t\t\t\t\t\t\t\t\t\t<div class=\"elementor-gallery-item__overlay\"><\/div>\n\t\t\t\t\t\t\t\t\t\t\t\t\t\t<\/a>\n\t\t\t\t\t\t\t<a class=\"e-gallery-item elementor-gallery-item elementor-animated-content\" href=\"https:\/\/www.suenosdeatenea.com\/wp-content\/uploads\/2022\/08\/Suenos-de-Atenea-Fotografia-Samsh-Cake-11.jpg\" data-elementor-open-lightbox=\"yes\" data-elementor-lightbox-slideshow=\"7c263d5\" data-elementor-lightbox-title=\"Sue\u00f1os de Atenea Photography - Sessi\u00f3 Smash Cake\" data-e-action-hash=\"#elementor-action%3Aaction%3Dlightbox%26settings%3DeyJpZCI6NjI2MTAsInVybCI6Imh0dHBzOlwvXC93d3cuc3Vlbm9zZGVhdGVuZWEuY29tXC93cC1jb250ZW50XC91cGxvYWRzXC8yMDIyXC8wOFwvU3Vlbm9zLWRlLUF0ZW5lYS1Gb3RvZ3JhZmlhLVNhbXNoLUNha2UtMTEuanBnIiwic2xpZGVzaG93IjoiN2MyNjNkNSJ9\">\n\t\t\t\t\t<div class=\"e-gallery-image elementor-gallery-item__image\" data-thumbnail=\"https:\/\/www.suenosdeatenea.com\/wp-content\/uploads\/2022\/08\/Suenos-de-Atenea-Fotografia-Samsh-Cake-11.jpg\" data-width=\"900\" data-height=\"601\" aria-label=\"Sue\u00f1os de Atenea Photography - Sessi\u00f3 Smash Cake\" role=\"img\" ><\/div>\n\t\t\t\t\t\t\t\t\t\t\t<div class=\"elementor-gallery-item__overlay\"><\/div>\n\t\t\t\t\t\t\t\t\t\t\t\t\t\t<\/a>\n\t\t\t\t\t<\/div>\n\t\t\t\t\t<\/div>\n\t\t\t\t<\/div>\n\t\t\t\t\t<\/div>\n\t\t<\/div>\n\t\t\t\t\t<\/div>\n\t\t<\/section>\n\t\t\t\t<\/div>\n\t\t","protected":false},"excerpt":{"rendered":"<p>Smash Cake \u00e9s el millor record del seu aniversari! Asseiem al teu petit prop del seu acolorit past\u00eds i\u2026 deixem que la m\u00e0gia flueixi! Mentre tot aix\u00f2 passa, nosaltres aprofitem per a fer fotos sense interrompre el que va succeint de manera espont\u00e0nia. Smash Cake, destrossa el past\u00eds, perqu\u00e8 aquest \u00e9s l\u2019objectiu de la sessi\u00f3<br \/><a class=\"moretag\" href=\"https:\/\/www.suenosdeatenea.com\/ca\/smash-cake\/\">+ Read More<\/a><\/p>\n","protected":false},"author":112,"featured_media":0,"parent":0,"menu_order":0,"comment_status":"closed","ping_status":"closed","template":"","meta":{"_acf_changed":false,"footnotes":""},"class_list":["post-62439","page","type-page","status-publish","hentry"],"acf":[],"_links":{"self":[{"href":"https:\/\/www.suenosdeatenea.com\/ca\/wp-json\/wp\/v2\/pages\/62439","targetHints":{"allow":["GET"]}}],"collection":[{"href":"https:\/\/www.suenosdeatenea.com\/ca\/wp-json\/wp\/v2\/pages"}],"about":[{"href":"https:\/\/www.suenosdeatenea.com\/ca\/wp-json\/wp\/v2\/types\/page"}],"author":[{"embeddable":true,"href":"https:\/\/www.suenosdeatenea.com\/ca\/wp-json\/wp\/v2\/users\/112"}],"replies":[{"embeddable":true,"href":"https:\/\/www.suenosdeatenea.com\/ca\/wp-json\/wp\/v2\/comments?post=62439"}],"version-history":[{"count":0,"href":"https:\/\/www.suenosdeatenea.com\/ca\/wp-json\/wp\/v2\/pages\/62439\/revisions"}],"wp:attachment":[{"href":"https:\/\/www.suenosdeatenea.com\/ca\/wp-json\/wp\/v2\/media?parent=62439"}],"curies":[{"name":"wp","href":"https:\/\/api.w.org\/{rel}","templated":true}]}}