{"id":4197,"date":"2018-06-10T21:01:58","date_gmt":"2018-06-10T19:01:58","guid":{"rendered":"http:\/\/suenosdeatenea.com\/?page_id=4197"},"modified":"2024-02-15T22:15:51","modified_gmt":"2024-02-15T21:15:51","slug":"politica-de-cookies","status":"publish","type":"page","link":"https:\/\/www.suenosdeatenea.com\/ca\/politica-de-cookies\/","title":{"rendered":"Pol\u00edtica de cookies"},"content":{"rendered":"<p><\/p>\n<p style=\"text-align: justify;\">Els nostre lloc web utilitza una tecnologia anomenada &#8220;<strong>cookie<\/strong>&#8220;, amb la finalitat de poder obtenir informaci\u00f3 sobre l&#8217;\u00fas del lloc web, millorar l\u2019experi\u00e8ncia de l\u2019usuari i garantir el seu correcte funcionament.<\/p>\n<h3>Definici\u00f3 de Cookie<\/h3>\n<p style=\"text-align: justify;\">Una \u201c<strong>cookie<\/strong>\u201d \u00e9s un petit fragment de text que els llocs web envien al navegador i que s&#8217;emmagatzemen en el terminal de l&#8217;usuari, (ordinador o dispositiu m\u00f2bil). Aquests arxius tenen la finalitat d&#8217;emmagatzemar dades que podran ser actualitzades i recuperades per l&#8217;entitat responsable de la seva instal\u00b7laci\u00f3. Aix\u00ed, cada vegada que l&#8217;usuari torna a visitar el mateix lloc web, l&#8217;explorador recupera l&#8217;arxiu i l&#8217;envia al servidor del lloc web. Les cookies tenen diverses funcions entre les que s&#8217;inclouen, la de recollir informaci\u00f3 sobre les prefer\u00e8ncies de l&#8217;usuari i recordar-la, i en general, facilitar l&#8217;\u00fas del lloc web a l&#8217;usuari fent que el lloc sigui m\u00e9s \u00fatil al personalitzar el seu contingut.<\/p>\n<h3>Tipus de cookies<\/h3>\n<p>Les cookies es poden classificar en base a diferents par\u00e0metres:<\/p>\n<p style=\"text-align: justify;\"><strong>Titularitat:<\/strong> cookies pr\u00f2pies i cookies de tercers: depenent de quina sigui l&#8217;entitat que gestioni el domini des d&#8217;on s&#8217;envien les cookies i es tractin les dades que s&#8217;obtinguin.<\/p>\n<p style=\"text-align: justify;\"><strong>Duraci\u00f3:<\/strong> cookies de sessi\u00f3 i cookies persistents: d&#8217;acord amb el termini de temps que romanen emmagatzemades al terminal de l&#8217;usuari.<\/p>\n<p style=\"text-align: justify;\"><strong>Finalitat<\/strong>: cookies t\u00e8cniques, cookies de personalitzaci\u00f3, cookies d&#8217;an\u00e0lisi, cookies publicit\u00e0ries, cookies de publicitat comportamental: d&#8217;acord amb la finalitat per a la qual es tractin les dades obtingudes:<\/p>\n<ul>\n<li style=\"text-align: justify;\"><strong>Cookies t\u00e8cniques<\/strong>: S\u00f3n aquelles que permeten a l&#8217;usuari la navegaci\u00f3 a trav\u00e9s de la p\u00e0gina web o aplicaci\u00f3 i la utilitzaci\u00f3 de les diferents opcions o serveis que en ella existeixen. Per exemple, controlar el tr\u00e0nsit i la comunicaci\u00f3 de dades , identificar la sessi\u00f3 o accedir a les parts web d&#8217;acc\u00e9s restringit.<\/li>\n<li style=\"text-align: justify;\"><strong>Cookies de personalitzaci\u00f3<\/strong>: S\u00f3n aquelles que permeten a l&#8217;usuari accedir al servei amb algunes caracter\u00edstiques de car\u00e0cter general predefinides en el seu terminal o que el propi usuari defineixi. Per exemple, l&#8217;idioma, el tipus de navegador a trav\u00e9s del qual accedeix al servei o el disseny de continguts seleccionat.<\/li>\n<li style=\"text-align: justify;\"><strong>Cookies d&#8217;an\u00e0lisi<\/strong>: S\u00f3n aquelles que o b\u00e9 tractades per nosaltres o per tercers, ens permeten quantificar el nombre d&#8217;usuaris i aix\u00ed realitzar l&#8217;an\u00e0lisi estad\u00edstic de la utilitzaci\u00f3 que fan els usuaris del servei ofert. Per aix\u00f2 s&#8217;analitza la seva navegaci\u00f3 a la nostra p\u00e0gina web per tal de millorar l&#8217;oferta de productes o serveis que li oferim.<\/li>\n<li style=\"text-align: justify;\"><strong>Cookies publicit\u00e0ries<\/strong>: S\u00f3n aquelles que permeten la gesti\u00f3, de la forma m\u00e9s efica\u00e7 possible, dels espais publicitaris que, si escau, l&#8217;editor hagi incl\u00f2s en una p\u00e0gina web, aplicaci\u00f3 o plataforma des de la qual presta el servei sol\u00b7licitat sobre la base de criteris com el contingut editat o la freq\u00fc\u00e8ncia en a qual es mostren els anuncis.<\/li>\n<li style=\"text-align: justify;\"><strong>Cookies de publicitat comportamental<\/strong>: S\u00f3n aquelles que permeten la gesti\u00f3, de la manera m\u00e9s efica\u00e7 possible, dels espais publicitaris que, si escau, l&#8217;editor hagi incl\u00f2s en una p\u00e0gina web, aplicaci\u00f3 o plataforma des de la que presta el servei sol\u00b7licitat. Aquestes cookies emmagatzemen informaci\u00f3 del comportament dels usuaris obtinguda a trav\u00e9s de l&#8217;observaci\u00f3 continuada dels seus h\u00e0bits de navegaci\u00f3, el que permet desenvolupar un perfil espec\u00edfic per mostrar publicitat en funci\u00f3 del mateix.<\/li>\n<\/ul>\n<h3>Cookies utilitzades al nostre lloc web<\/h3>\n<p style=\"text-align: justify;\">El nostre lloc web utilitza tant <strong>cookies pr\u00f2pies<\/strong>, que s\u00f3n les enviades al seu ordinador i gestionades exclusivament per nosaltres per al millor funcionament del lloc web, com <strong>cookies de tercers<\/strong>, amb la funci\u00f3 de servir per a la interacci\u00f3 dels usuaris amb nosaltres. No utilitzem cap cookie, per el tractament de dades personals, que permetin la identificaci\u00f3 de persones f\u00edsiques concretes.<\/p>\n<p style=\"text-align: justify;\">Les cookies pr\u00f2pies que fem servir en el nostre lloc web s\u00f3n de car\u00e0cter t\u00e8cnic referents a la programaci\u00f3 i la seguretat de la navegaci\u00f3, fonamentals per al funcionament del web, i tamb\u00e9 de personalitzaci\u00f3 per recordar l\u2019elecci\u00f3 de l\u2019idioma de navegaci\u00f3.<\/p>\n<p style=\"text-align: justify;\">El nostre lloc web fa servir tant <strong>cookies temporals<\/strong> de sessi\u00f3 com <strong>cookies persistents<\/strong>. Les cookies de sessi\u00f3 emmagatzemen dades \u00fanicament mentre l&#8217;usuari accedeix a la web i les cookies persistents emmagatzemen les dades en el terminal perqu\u00e8 siguin accedides i utilitzades en m\u00e9s d&#8217;una sessi\u00f3.<\/p>\n<p>Tamb\u00e9 s&#8217;utilitzen <strong>cookies de complement<\/strong> (plug-in) per intercanviar continguts socials.<\/p>\n<h4 style=\"text-align: center;\">Llistat de cookies utilitzades al nostre web<\/h4>\n<table class=\"wt-cli-element cookielawinfo-classic cookielawinfo-row-cat-table\"><thead><tr><th scope=\"col\" class=\"cookielawinfo-column-1\">Cookie<\/th><th scope=\"col\" class=\"cookielawinfo-column-2\">Type<\/th><th scope=\"col\" class=\"cookielawinfo-column-3\">Duration<\/th><th scope=\"col\" class=\"cookielawinfo-column-4\">Description<\/th><\/thead><tbody><tr class=\"cookielawinfo-row-cat-title\"><th colspan=\"4\" class=\"cookielawinfo-row-cat-title-head\">T\u00e8cniques<\/th><\/tr><tr class=\"cookielawinfo-row\"><td class=\"cookielawinfo-column-1\">CookieLawInfoConsent<\/td><td class=\"cookielawinfo-column-2\"><\/td><td class=\"cookielawinfo-column-3\">1 any<\/td><td class=\"cookielawinfo-column-4\">Enregistra l'estat del bot\u00f3 predeterminat de la categoria corresponent. Nom\u00e9s funciona en coordinaci\u00f3 amb la cookie principal.<\/td><\/tr><tr class=\"cookielawinfo-row\"><td class=\"cookielawinfo-column-1\">sunshine_session<\/td><td class=\"cookielawinfo-column-2\"><\/td><td class=\"cookielawinfo-column-3\">Sessi\u00f3<\/td><td class=\"cookielawinfo-column-4\">Cookie instalada pel plugin Sunshine Photo Cart<\/td><\/tr><tr class=\"cookielawinfo-row\"><td class=\"cookielawinfo-column-1\">cookielawinfo-checkbox-preferencies<\/td><td class=\"cookielawinfo-column-2\"><\/td><td class=\"cookielawinfo-column-3\">1 any<\/td><td class=\"cookielawinfo-column-4\">Aquesta cookie est\u00e0 configurada pel complement de consentiment de cookies de GDPR. Les cookies s'utilitzen per emmagatzemar el consentiment de l'usuari per a les cookies en la categoria \"Prefer\u00e8ncies\".<\/td><\/tr><tr class=\"cookielawinfo-row\"><td class=\"cookielawinfo-column-1\">cookielawinfo-checkbox-performance<\/td><td class=\"cookielawinfo-column-2\"><\/td><td class=\"cookielawinfo-column-3\">1 any<\/td><td class=\"cookielawinfo-column-4\">Aquesta cookie est\u00e0 configurada pel complement de consentiment de cookies de GDPR. Les cookies s'utilitzen per emmagatzemar el consentiment de l'usuari per a les cookies en la categoria \"Rendiment\".<\/td><\/tr><tr class=\"cookielawinfo-row\"><td class=\"cookielawinfo-column-1\">cookielawinfo-checkbox-analytics<\/td><td class=\"cookielawinfo-column-2\"><\/td><td class=\"cookielawinfo-column-3\">1 any<\/td><td class=\"cookielawinfo-column-4\">Aquesta cookie est\u00e0 configurada pel complement de consentiment de cookies de GDPR. Les cookies s'utilitzen per emmagatzemar el consentiment de l'usuari per a les cookies en la categoria \"Anal\u00edtiques\".<\/td><\/tr><tr class=\"cookielawinfo-row\"><td class=\"cookielawinfo-column-1\">cookielawinfo-checkbox-advertisement<\/td><td class=\"cookielawinfo-column-2\"><\/td><td class=\"cookielawinfo-column-3\">1 any<\/td><td class=\"cookielawinfo-column-4\">Aquesta cookie est\u00e0 configurada pel complement de consentiment de cookies de GDPR. Les cookies s'utilitzen per emmagatzemar el consentiment de l'usuari per a les cookies en la categoria \"Publicitat\".<\/td><\/tr><tr class=\"cookielawinfo-row\"><td class=\"cookielawinfo-column-1\">cookielawinfo-checkbox-functional<\/td><td class=\"cookielawinfo-column-2\"><\/td><td class=\"cookielawinfo-column-3\">1 any<\/td><td class=\"cookielawinfo-column-4\">Aquesta cookie est\u00e0 configurada pel complement de consentiment de cookies de GDPR. Les cookies s'utilitzen per emmagatzemar el consentiment de l'usuari per a les cookies en la categoria \"Funcionals\".<\/td><\/tr><tr class=\"cookielawinfo-row\"><td class=\"cookielawinfo-column-1\">elementor<\/td><td class=\"cookielawinfo-column-2\"><\/td><td class=\"cookielawinfo-column-3\">Permanent<\/td><td class=\"cookielawinfo-column-4\">Aquesta cookie s\u2019utilitza pel tema WordPress del lloc web. Permet al propietari del lloc web implementar o canviar el contingut del lloc web en temps real.<\/td><\/tr><tr class=\"cookielawinfo-row\"><td class=\"cookielawinfo-column-1\">PHPSESSID<\/td><td class=\"cookielawinfo-column-2\">1<\/td><td class=\"cookielawinfo-column-3\">Sessi\u00f3<\/td><td class=\"cookielawinfo-column-4\">Aquesta cookie \u00e9s nativa de les aplicacions PHP. S'utilitza per emmagatzemar i identificar l'ID de sessi\u00f3 \u00fanic d'un usuari amb la finalitat d'administrar la sessi\u00f3 de l'usuari en el lloc web. La cookie \u00e9s de sessi\u00f3 i s'elimina quan es tanquen totes les finestres de navegador.<\/td><\/tr><tr class=\"cookielawinfo-row\"><td class=\"cookielawinfo-column-1\">__cfduid<\/td><td class=\"cookielawinfo-column-2\">1<\/td><td class=\"cookielawinfo-column-3\">30 dies<\/td><td class=\"cookielawinfo-column-4\">La cookie l\u2019utilitzen serveis de cdn com CloudFare per identificar clients individuals que estan darrere d\u2019una adre\u00e7a IP compartida i aplicar configuracions de seguretat per client. No es correspon amb cap identificador d\u2019usuari a l\u2019aplicaci\u00f3 web i no emmagatzema cap informaci\u00f3 d\u2019identificaci\u00f3 personal.<\/td><\/tr><tr class=\"cookielawinfo-row\"><td class=\"cookielawinfo-column-1\">wordpress_test_cookie<\/td><td class=\"cookielawinfo-column-2\">1<\/td><td class=\"cookielawinfo-column-3\">Sessi\u00f3<\/td><td class=\"cookielawinfo-column-4\">Aquesta cookie s'utilitza per comprovar si les cookies estan habilitades al navegador dels usuaris.<\/td><\/tr><tr class=\"cookielawinfo-row\"><td class=\"cookielawinfo-column-1\">viewed_cookie_policy<\/td><td class=\"cookielawinfo-column-2\">0<\/td><td class=\"cookielawinfo-column-3\">1 any<\/td><td class=\"cookielawinfo-column-4\">La cookie est\u00e0 configurada pel complement de consentiment de cookies de GDPR i s'utilitza per emmagatzemar si l'usuari ha donat el seu consentiment o no per a l'\u00fas de cookies. No emmagatzema cap dada personal.<\/td><\/tr><tr class=\"cookielawinfo-row\"><td class=\"cookielawinfo-column-1\">cookielawinfo-checkbox-necessary<\/td><td class=\"cookielawinfo-column-2\">0<\/td><td class=\"cookielawinfo-column-3\">1 any<\/td><td class=\"cookielawinfo-column-4\">Aquesta cookie est\u00e0 configurada pel complement de consentiment de cookies de GDPR. Les cookies s'utilitzen per emmagatzemar el consentiment de l'usuari per a les cookies en la categoria \"Necess\u00e0ries\".<\/td><\/tr><tr class=\"cookielawinfo-row\"><td class=\"cookielawinfo-column-1\">cookielawinfo-checkbox-non-necessary<\/td><td class=\"cookielawinfo-column-2\">0<\/td><td class=\"cookielawinfo-column-3\">1 any<\/td><td class=\"cookielawinfo-column-4\">Aquesta cookie est\u00e0 configurada pel complement de consentiment de cookies de GDPR. S'utilitza per emmagatzemar el consentiment de l'usuari per a les cookies en la categoria \"No necess\u00e0ries\".<\/td><\/tr><tr class=\"cookielawinfo-row-cat-title\"><th colspan=\"4\" class=\"cookielawinfo-row-cat-title-head\">Rendiment<\/th><\/tr><tr class=\"cookielawinfo-row\"><td class=\"cookielawinfo-column-1\">YSC<\/td><td class=\"cookielawinfo-column-2\">1<\/td><td class=\"cookielawinfo-column-3\">Sessi\u00f3<\/td><td class=\"cookielawinfo-column-4\">Aquesta cookie la defineix Youtube i s\u2019utilitzen per fer un seguiment de les visualitzacions de v\u00eddeos incrustats.<\/td><\/tr><tr class=\"cookielawinfo-row-cat-title\"><th colspan=\"4\" class=\"cookielawinfo-row-cat-title-head\">Anal\u00edtiques<\/th><\/tr><tr class=\"cookielawinfo-row\"><td class=\"cookielawinfo-column-1\">CONSENT<\/td><td class=\"cookielawinfo-column-2\"><\/td><td class=\"cookielawinfo-column-3\">2 anys<\/td><td class=\"cookielawinfo-column-4\">YouTube estableix aquesta cookie mitjan\u00e7ant v\u00eddeos de youtube incrustats i registra dades estad\u00edstiques an\u00f2nimes.<\/td><\/tr><tr class=\"cookielawinfo-row\"><td class=\"cookielawinfo-column-1\">GPS<\/td><td class=\"cookielawinfo-column-2\">1<\/td><td class=\"cookielawinfo-column-3\">30 minuts<\/td><td class=\"cookielawinfo-column-4\">Aquesta cookie la defineix Youtube i registra un identificador \u00fanic per al seguiment dels usuaris en funci\u00f3 de la seva ubicaci\u00f3 geogr\u00e0fica.<\/td><\/tr><tr class=\"cookielawinfo-row-cat-title\"><th colspan=\"4\" class=\"cookielawinfo-row-cat-title-head\">Publicitat<\/th><\/tr><tr class=\"cookielawinfo-row\"><td class=\"cookielawinfo-column-1\">yt-remote-device-id<\/td><td class=\"cookielawinfo-column-2\"><\/td><td class=\"cookielawinfo-column-3\">Sessi\u00f3<\/td><td class=\"cookielawinfo-column-4\">Registra les prefer\u00e8ncies de l'reproductor de v\u00eddeo d'l'usuari a l'veure v\u00eddeos incrustats de YouTube.<\/td><\/tr><tr class=\"cookielawinfo-row\"><td class=\"cookielawinfo-column-1\">yt-remote-connected-devices<\/td><td class=\"cookielawinfo-column-2\"><\/td><td class=\"cookielawinfo-column-3\">Sessi\u00f3<\/td><td class=\"cookielawinfo-column-4\">Registra les prefer\u00e8ncies de l'reproductor de v\u00eddeo d'l'usuari a l'veure v\u00eddeos incrustats de YouTube.<\/td><\/tr><tr class=\"cookielawinfo-row\"><td class=\"cookielawinfo-column-1\">VISITOR_INFO1_LIVE<\/td><td class=\"cookielawinfo-column-2\">1<\/td><td class=\"cookielawinfo-column-3\">6 mesos<\/td><td class=\"cookielawinfo-column-4\">Aquesta cookie la defineix Youtube i s\u2019utilitzen per fer un seguiment de les visualitzacions de v\u00eddeos incrustats.<\/td><\/tr><tr class=\"cookielawinfo-row\"><td class=\"cookielawinfo-column-1\">IDE<\/td><td class=\"cookielawinfo-column-2\">1<\/td><td class=\"cookielawinfo-column-3\">2 anys<\/td><td class=\"cookielawinfo-column-4\">Utilitzat per Google DoubleClick. Emmagatzema informaci\u00f3 sobre com l\u2019usuari utilitza el lloc web i qualsevol altra publicitat abans de visitar-lo. S'utilitza per presentar als usuaris anuncis que els siguin rellevants segons el perfil d'usuari.<\/td><\/tr><tr class=\"cookielawinfo-row-cat-title\"><th colspan=\"4\" class=\"cookielawinfo-row-cat-title-head\">Prefer\u00e8ncies<\/th><\/tr><tr class=\"cookielawinfo-row\"><td class=\"cookielawinfo-column-1\">qtrans_front_language<\/td><td class=\"cookielawinfo-column-2\">1<\/td><td class=\"cookielawinfo-column-3\">1 any<\/td><td class=\"cookielawinfo-column-4\">Determina l'idioma preferit per al visitant. Permet al web establir la llengua preferida en el reingr\u00e9s del visitant.<\/td><\/tr><tr class=\"cookielawinfo-row-cat-title\"><th colspan=\"4\" class=\"cookielawinfo-row-cat-title-head\">Funcionals<\/th><\/tr><tr class=\"cookielawinfo-row\"><td class=\"cookielawinfo-column-1\">__cf_bm<\/td><td class=\"cookielawinfo-column-2\">1<\/td><td class=\"cookielawinfo-column-3\">30 minuts<\/td><td class=\"cookielawinfo-column-4\">Es fa servir per distingir entre humans i robots la qual cosa permet fer informes v\u00e0lids de l'\u00fas de la p\u00e0gina web.<\/td><\/tr><tr class=\"cookielawinfo-row-cat-title\"><th colspan=\"4\" class=\"cookielawinfo-row-cat-title-head\">No necess\u00e0ries<\/th><\/tr><tr class=\"cookielawinfo-row\"><td class=\"cookielawinfo-column-1\">test_cookie<\/td><td class=\"cookielawinfo-column-2\">0<\/td><td class=\"cookielawinfo-column-3\">1 any<\/td><td class=\"cookielawinfo-column-4\">Utilitzada per comprovar si el navegador de l'usuari admet cookies.<\/td><\/tr><\/tbody><\/table>\n<h3>Consentiment<\/h3>\n<p style=\"text-align: justify;\">L\u2019Usuari accepta expressament, per la utilitzaci\u00f3 d\u2019aquest lloc web, el tractament de la informaci\u00f3 recaptada en la forma i amb les finalitats anteriorment esmentades. I aix\u00ed mateix reconeix con\u00e8ixer la possibilitat de rebutjar el tractament de tals dades o informaci\u00f3 rebutjant l\u2019\u00fas de Cookies mitjan\u00e7ant la selecci\u00f3 de la configuraci\u00f3 apropiada a tal fi en el seu navegador. Si b\u00e9 aquesta opci\u00f3 de bloqueig de Cookies en el seu navegador pot no permetre-li l\u2019\u00fas ple de totes les funcionalitats del lloc web.<\/p>\n<h3>Retirada del consentiment<\/h3>\n<p style=\"text-align: justify;\">L\u2019usuari podr\u00e0 retirar en qualsevol moment el seu consentiment relacionat amb aquesta Pol\u00edtica de Cookies, per aix\u00f2 haur\u00e0 d\u2019eliminar les cookies emmagatzemades en el seu equip utilitzant els ajustaments i configuracions del seu navegador d\u2019Internet.<\/p>\n<h3>Modificaci\u00f3 de la configuraci\u00f3 de les cookies<\/h3>\n<p>L&#8217;usuari pot triar quines cookies accepta o rebutja des del nostre <strong>Panell de configuraci\u00f3 de cookies<\/strong>:<\/p>\n<p style=\"text-align: center;\"><a id=\"wt-cli-reject-btn\" tabindex=\"0\" role='button' style=\"margin:5px 5px 5px 5px; border-radius:0; padding:8px 25px 8px 25px;\"  class=\"wt-cli-element medium cli-plugin-button cli-plugin-main-button cookie_action_close_header_reject cli_action_button\"  data-cli_action=\"reject\">REBUTJAR COOKIES<\/a><a id=\"wt-cli-accept-btn\" tabindex=\"0\" role='button' style=\"margin:5px 5px 5px 30px; border-radius:0; padding:8px 25px 8px 25px;\" data-cli_action=\"accept\"  class=\"wt-cli-element medium cli-plugin-button cli-plugin-main-button cookie_action_close_header cli_action_button\" >ACCEPTAR COOKIES<\/a><a id=\"wt-cli-settings-btn\" tabindex=\"0\" role='button' style=\"border-bottom:1px solid; text-decoration:none; text-decoration:none;\" class=\"wt-cli-element medium cli-plugin-button cli-plugin-main-button cli_settings_button\" >CONFIGURAR COOKIES<\/a><\/p>\n<p style=\"text-align: justify;\">El fet de rebutjar les cookies no constitueix impediment per poder accedir als continguts d&#8217;aquest lloc web, encara que l&#8217;\u00fas d&#8217;alguns serveis podr\u00e0 ser limitat.<\/p>\n<p style=\"text-align: justify;\">L\u2019usuari pot restringir, bloquejar o eliminar algunes o totes les cookies instal\u00b7lades en el seu equip mitjan\u00e7ant la configuraci\u00f3 de les opcions del navegador instal\u00b7lat en el seu ordinador o dispositiu. Si un cop atorgat el consentiment per a la recepci\u00f3 de cookies, es desitg\u00e9s retirar aquest, s&#8217;hauran eliminar aquelles emmagatzemades en l&#8217;equip de l&#8217;usuari, a trav\u00e9s de les opcions dels diferents navegadors. A cada navegador l\u2019operativa \u00e9s diferent:<\/p>\n<ul>\n<li><strong>Internet Explorer<\/strong>: <em>Eines &gt; Opcions d\u2019Internet &gt; Privacitat &gt; Configuraci\u00f3<\/em><\/li>\n<li><strong>Firefox<\/strong>: <em>Eines &gt; Opcions &gt; Privacitat &gt; Historial &gt; Ajustos personalitzats<\/em><\/li>\n<li><strong>Chrome<\/strong>: <em>Configuraci\u00f3 &gt; Mostrar configuraci\u00f3 avan\u00e7ada &gt; Privacitat &gt; Configuraci\u00f3 de contingut<\/em><\/li>\n<li><strong>Safari<\/strong>: <em>Prefer\u00e8ncies &gt; Seguretat<\/em><\/li>\n<li><strong>Opera<\/strong>: <em>Configuraci\u00f3<\/em><\/li>\n<\/ul>\n<p>Si t\u00e9 dubtes sobre aquesta pol\u00edtica de cookies, pot contactar amb nosaltres: <strong><a href=\"mailto:suenosdeatenea@gmail.com\">suenosdeatenea@gmail.com<\/a><\/strong><\/p>","protected":false},"excerpt":{"rendered":"<p>Els nostre lloc web utilitza una tecnologia anomenada &#8220;cookie&#8220;, amb la finalitat de poder obtenir informaci\u00f3 sobre l&#8217;\u00fas del lloc web, millorar l\u2019experi\u00e8ncia de l\u2019usuari i garantir el seu correcte funcionament. Definici\u00f3 de Cookie Una \u201ccookie\u201d \u00e9s un petit fragment de text que els llocs web envien al navegador i que s&#8217;emmagatzemen en el terminal<br \/><a class=\"moretag\" href=\"https:\/\/www.suenosdeatenea.com\/ca\/politica-de-cookies\/\">+ Read More<\/a><\/p>\n","protected":false},"author":112,"featured_media":0,"parent":0,"menu_order":0,"comment_status":"closed","ping_status":"closed","template":"","meta":{"_acf_changed":false,"footnotes":""},"class_list":["post-4197","page","type-page","status-publish","hentry"],"acf":[],"_links":{"self":[{"href":"https:\/\/www.suenosdeatenea.com\/ca\/wp-json\/wp\/v2\/pages\/4197","targetHints":{"allow":["GET"]}}],"collection":[{"href":"https:\/\/www.suenosdeatenea.com\/ca\/wp-json\/wp\/v2\/pages"}],"about":[{"href":"https:\/\/www.suenosdeatenea.com\/ca\/wp-json\/wp\/v2\/types\/page"}],"author":[{"embeddable":true,"href":"https:\/\/www.suenosdeatenea.com\/ca\/wp-json\/wp\/v2\/users\/112"}],"replies":[{"embeddable":true,"href":"https:\/\/www.suenosdeatenea.com\/ca\/wp-json\/wp\/v2\/comments?post=4197"}],"version-history":[{"count":0,"href":"https:\/\/www.suenosdeatenea.com\/ca\/wp-json\/wp\/v2\/pages\/4197\/revisions"}],"wp:attachment":[{"href":"https:\/\/www.suenosdeatenea.com\/ca\/wp-json\/wp\/v2\/media?parent=4197"}],"curies":[{"name":"wp","href":"https:\/\/api.w.org\/{rel}","templated":true}]}}