{"id":33,"date":"2016-02-12T09:40:13","date_gmt":"2016-02-12T09:40:13","guid":{"rendered":"http:\/\/suenosdeatenea.com\/?page_id=33"},"modified":"2022-07-14T18:03:04","modified_gmt":"2022-07-14T16:03:04","slug":"quien-soy","status":"publish","type":"page","link":"https:\/\/www.suenosdeatenea.com\/ca\/quien-soy\/","title":{"rendered":"Qui s\u00f3c"},"content":{"rendered":"<p><\/p>\n<p style=\"text-align: justify;\"><img fetchpriority=\"high\" decoding=\"async\" class=\"alignleft wp-image-8219\" title=\"Vanessa\" src=\"https:\/\/www.suenosdeatenea.com\/wp-content\/uploads\/2020\/04\/Vanessa-Corral-Bienvenida.jpg\" alt=\"Vanessa Corral | Sue\u00f1os de Atenea - Photography\" width=\"300\" height=\"320\" \/><span style=\"font-size: 14pt;\"><br \/>\nHola! S\u00f3c <strong>Vanessa Corral.<\/strong><\/span><\/p>\n<p style=\"text-align: justify;\">Per a mi la fotografia \u00e9s molt, sobretot fotografiar amor, sentiments veritables, com a parelles, noces, fam\u00edlies amb nens, embarassos, o fins i tot l&#8217;amor cap a la teva mascota.<\/p>\n<p style=\"text-align: justify;\">A trav\u00e9s de coses viscudes, nom\u00e9s vull retenir el temps, de situacions viscudes que t&#8217;aporten felicitat, mirades, abra\u00e7ades etc\u2026Podem retenir-lo a la ment, molt important, per\u00f2 m&#8217;encanta capturar-lo en fotografia, per a quan passin anys, poder mirar el que la teva ment recorda i no perdre-ho mai.<\/p>\n<p style=\"text-align: justify;\">M&#8217;encanta sentir-me feli\u00e7 per exemple quan la meva filla es desperta, em mira, somriu i m&#8217;abra\u00e7a; quan estem la meva filla, el meu marit i jo a casa, jugant, mirant els nous passos de la vida de la meva filla, em paro a pensar en el que estic vivint i s\u00f3c la dona m\u00e9s feli\u00e7 del m\u00f3n; o el caminar per la platja, amb la brisa del mar, relaxant la teva ment i gaudint del bonic que \u00e9s el m\u00f3n, i em passa el mateix quan fotografio, m&#8217;encanta <strong>L&#8217;Amor i la Vida!<\/strong><\/p>\n<h4 style=\"text-align: center;\">I aquest entusiasme per viure \u00e9s el que procuro captar amb la meva fotografia<br \/>\nDeixa&#8217;t portar per una infinitat de sensacions, deixa que les plasmi en imatges<\/h4>\n<p><img decoding=\"async\" class=\"aligncenter wp-image-164 size-full\" src=\"http:\/\/suenosdeatenea.com\/wp-content\/uploads\/2016\/03\/Vanessa-3.jpg\" alt=\"Vanessa\" width=\"960\" height=\"720\" srcset=\"https:\/\/www.suenosdeatenea.com\/wp-content\/uploads\/2016\/03\/Vanessa-3.jpg 960w, https:\/\/www.suenosdeatenea.com\/wp-content\/uploads\/2016\/03\/Vanessa-3-300x225.jpg 300w, https:\/\/www.suenosdeatenea.com\/wp-content\/uploads\/2016\/03\/Vanessa-3-768x576.jpg 768w\" sizes=\"(max-width: 960px) 100vw, 960px\" \/><\/p>\n<p style=\"text-align: justify;\">S\u00ed, s\u00f3c fot\u00f2grafa d&#8217;amor, es pot dir, m&#8217;alegra poder estar complint alguna cosa que desitjo: a trav\u00e9s del meu treball obro la meva \u00e0nima i aconseguir a trav\u00e9s de les meves fotografies el que sento. Nom\u00e9s si aconsegueixo que alg\u00fa senti alguna d&#8217;aquestes sensacions amb algun dels meus treballs, que li omplin, que surtin els seus sentiments a la llum, ja puc dir que el meu treball ha merescut la pena i tinc la millor recompensa.<\/p>\n<p style=\"text-align: justify;\">Tamb\u00e9 cal adonar-se que un \u00e9s m\u00e9s feli\u00e7 quan actua de cor i fa el que sent, sense esperar res de ning\u00fa; si esperes alguna cosa, segur que et portes alguna decepci\u00f3, per contra, sense adonar-te, la vida t&#8217;anir\u00e0 portant el millor, coses que mai haguessis imaginat.<\/p>\n<h2 style=\"text-align: right;\">Vanessa<\/h2>\n<p><\/p>","protected":false},"excerpt":{"rendered":"<p>Hola! S\u00f3c Vanessa Corral. Per a mi la fotografia \u00e9s molt, sobretot fotografiar amor, sentiments veritables, com a parelles, noces, fam\u00edlies amb nens, embarassos, o fins i tot l&#8217;amor cap a la teva mascota. A trav\u00e9s de coses viscudes, nom\u00e9s vull retenir el temps, de situacions viscudes que t&#8217;aporten felicitat, mirades, abra\u00e7ades etc\u2026Podem retenir-lo a<br \/><a class=\"moretag\" href=\"https:\/\/www.suenosdeatenea.com\/ca\/quien-soy\/\">+ Read More<\/a><\/p>\n","protected":false},"author":112,"featured_media":0,"parent":0,"menu_order":0,"comment_status":"closed","ping_status":"closed","template":"","meta":{"_acf_changed":false,"footnotes":""},"class_list":["post-33","page","type-page","status-publish","hentry"],"acf":[],"_links":{"self":[{"href":"https:\/\/www.suenosdeatenea.com\/ca\/wp-json\/wp\/v2\/pages\/33","targetHints":{"allow":["GET"]}}],"collection":[{"href":"https:\/\/www.suenosdeatenea.com\/ca\/wp-json\/wp\/v2\/pages"}],"about":[{"href":"https:\/\/www.suenosdeatenea.com\/ca\/wp-json\/wp\/v2\/types\/page"}],"author":[{"embeddable":true,"href":"https:\/\/www.suenosdeatenea.com\/ca\/wp-json\/wp\/v2\/users\/112"}],"replies":[{"embeddable":true,"href":"https:\/\/www.suenosdeatenea.com\/ca\/wp-json\/wp\/v2\/comments?post=33"}],"version-history":[{"count":0,"href":"https:\/\/www.suenosdeatenea.com\/ca\/wp-json\/wp\/v2\/pages\/33\/revisions"}],"wp:attachment":[{"href":"https:\/\/www.suenosdeatenea.com\/ca\/wp-json\/wp\/v2\/media?parent=33"}],"curies":[{"name":"wp","href":"https:\/\/api.w.org\/{rel}","templated":true}]}}